{"id":19703,"date":"2010-03-25T03:30:50","date_gmt":"2010-03-25T10:30:50","guid":{"rendered":"https:\/\/missionariesofprayer.org\/es\/vision-y-mision\/"},"modified":"2016-07-20T06:07:11","modified_gmt":"2016-07-20T13:07:11","slug":"vision-y-mision","status":"publish","type":"page","link":"https:\/\/www.missionariesofprayer.org\/es\/vision-y-mision\/","title":{"rendered":"Visi\u00f3n y misi\u00f3n"},"content":{"rendered":"<h1 class=\"passage-display\"><span class=\"passage-display-bcv\">\u00c9xodo 17:8-16 <\/span><span class=\"passage-display-version\">Reina-Valera 1960<br \/>\n<\/span><\/h1>\n<h3><span id=\"es-RVR1960-1992\" class=\"text Exod-17-8\">Guerra con Amalec<\/span><\/h3>\n<p><span class=\"text Exod-17-8\"><sup class=\"versenum\">8\u00a0<\/sup>Entonces vino Amalec y pele\u00f3 contra Israel en Refidim. <\/span><\/p>\n<p><span id=\"es-RVR1960-1993\" class=\"text Exod-17-9\"><sup class=\"versenum\">9\u00a0<\/sup>Y dijo Mois\u00e9s a Josu\u00e9: Esc\u00f3genos varones, y sal a pelear contra Amalec; ma\u00f1ana yo estar\u00e9 sobre la cumbre del collado, y la vara de Dios en mi mano. <\/span><\/p>\n<p><span id=\"es-RVR1960-1994\" class=\"text Exod-17-10\"><sup class=\"versenum\">10\u00a0<\/sup>E hizo Josu\u00e9 como le dijo Mois\u00e9s, peleando contra Amalec; y Mois\u00e9s y Aar\u00f3n y Hur subieron a la cumbre del collado. <\/span><\/p>\n<p><span id=\"es-RVR1960-1995\" class=\"text Exod-17-11\"><sup class=\"versenum\">11\u00a0<\/sup>Y suced\u00eda que cuando alzaba Mois\u00e9s su mano, Israel prevalec\u00eda; mas cuando \u00e9l bajaba su mano, prevalec\u00eda Amalec. <\/span><\/p>\n<p><span id=\"es-RVR1960-1996\" class=\"text Exod-17-12\"><sup class=\"versenum\">12\u00a0<\/sup>Y las manos de Mois\u00e9s se cansaban; por lo que tomaron una piedra, y la pusieron debajo de \u00e9l, y se sent\u00f3 sobre ella; y Aar\u00f3n y Hur sosten\u00edan sus manos, el uno de un lado y el otro de otro; as\u00ed hubo en sus manos firmeza hasta que se puso el sol. <\/span><\/p>\n<p><span id=\"es-RVR1960-1997\" class=\"text Exod-17-13\"><sup class=\"versenum\">13\u00a0<\/sup>Y Josu\u00e9 deshizo a Amalec y a su pueblo a filo de espada. <\/span><\/p>\n<p><span id=\"es-RVR1960-1998\" class=\"text Exod-17-14\"><sup class=\"versenum\">14\u00a0<\/sup>Y Jehov\u00e1 dijo a Mois\u00e9s: Escribe esto para memoria en un libro, y di a Josu\u00e9 que raer\u00e9 del todo la memoria de Amalec de debajo del cielo. <\/span><\/p>\n<p><span id=\"es-RVR1960-1999\" class=\"text Exod-17-15\"><sup class=\"versenum\">15\u00a0<\/sup>Y Mois\u00e9s edific\u00f3 un altar, y llam\u00f3 su nombre Jehov\u00e1-nisi; <\/span><\/p>\n<p><span id=\"es-RVR1960-2000\" class=\"text Exod-17-16\"><sup class=\"versenum\">16\u00a0<\/sup>y dijo: Por cuanto la mano de Amalec se levant\u00f3 contra el trono de Jehov\u00e1, Jehov\u00e1 tendr\u00e1 guerra con Amalec de generaci\u00f3n en generaci\u00f3n. <\/span><\/p>\n<p>Nos esforzamos para orar por los cristianos y otros para la salvaci\u00f3n.<\/p>\n<p>Hoy en d\u00eda los amalecitas vienen en forma de enga\u00f1os, la enfermedad y las enfermedades, las dudas y la incredulidad, problemas familiares, el divorcio, el desempleo, problemas financieros, problemas econ\u00f3micos, falsos profetas, falsas doctrinas, las cuestiones gubernamentales y otras cuestiones mundiales. Pero, m\u00e1s importante a\u00fan, los amalecitas no nos permiten comprender qui\u00e9n es Jesucristo y por qu\u00e9 vino. Nos mantienen distra\u00eddo de lo que se trata la vida.<\/p>\n<p>Nos esforzamos para capacitar a la comunidad cristiana a orar de manera efectiva.<\/p>\n<p>Dios nos cre\u00f3 para estar en comunidad. Nos necesitamos el uno al otro. Joshua no era capaz de luchar contra la guerra sin Mois\u00e9s y Mois\u00e9s y Aar\u00f3n y Hur necesario para mantener su mano hacia arriba. Estamos comprometidos a ayudar a los dem\u00e1s alzar la mano, en la intercesi\u00f3n. Sabemos que cuando tenemos nuestras manos levantadas al trono Dios nos escucha. Obtenemos direcci\u00f3n y encontramos su voluntad para nuestras vidas. Nos encontramos con la fuerza y la paz que pasar por los momentos m\u00e1s dif\u00edciles.<\/p>\n<p>Nos esforzamos para capacitar a la comunidad cristiana c\u00f3mo compartir el Evangelio de Jesucristo.<\/p>\n<p>Los santos han sido facultados con la varilla (Jehov\u00e1 Nissi) para luchar las batallas contra los amalecitas. Cuando entendemos plenamente qui\u00e9n es Jesucristo, por qu\u00e9 vino y lo que somos en Cristo sabemos que tenemos la victoria.<\/p>\n<p>Nos esforzamos para continuar el ministerio de la reconciliaci\u00f3n.<\/p>\n<p>Las Misioneras de la Oraci\u00f3n valor de la tutor\u00eda y la ense\u00f1anza de la generaci\u00f3n m\u00e1s joven para compartir el Evangelio de Jesucristo, orar e interceder por los dem\u00e1s.<\/p>\n","protected":false},"excerpt":{"rendered":"<p>\u00c9xodo 17:8-16 Reina-Valera 1960 Guerra con Amalec 8\u00a0Entonces vino Amalec y pele\u00f3 contra Israel en Refidim. 9\u00a0Y dijo Mois\u00e9s a Josu\u00e9: Esc\u00f3genos varones, y sal a pelear contra Amalec; ma\u00f1ana yo estar\u00e9 sobre la cumbre del collado, y la vara de Dios en mi mano. 10\u00a0E hizo Josu\u00e9 como le [&hellip;]<\/p>\n","protected":false},"author":152,"featured_media":0,"parent":0,"menu_order":0,"comment_status":"closed","ping_status":"closed","template":"","meta":{"_bbp_topic_count":0,"_bbp_reply_count":0,"_bbp_total_topic_count":0,"_bbp_total_reply_count":0,"_bbp_voice_count":0,"_bbp_anonymous_reply_count":0,"_bbp_topic_count_hidden":0,"_bbp_reply_count_hidden":0,"_bbp_forum_subforum_count":0,"footnotes":""},"class_list":["post-19703","page","type-page","status-publish","hentry","bwp-masonry-item","bwp-col-3","bwp-post-has-title"],"yoast_head":"<!-- This site is optimized with the Yoast SEO plugin v27.4 - https:\/\/yoast.com\/product\/yoast-seo-wordpress\/ -->\n<title>Visi\u00f3n y misi\u00f3n -<\/title>\n<meta name=\"robots\" content=\"index, follow, max-snippet:-1, max-image-preview:large, max-video-preview:-1\" \/>\n<link rel=\"canonical\" href=\"https:\/\/www.missionariesofprayer.org\/es\/vision-y-mision\/\" class=\"yoast-seo-meta-tag\" \/>\n<meta property=\"og:locale\" content=\"es_ES\" class=\"yoast-seo-meta-tag\" \/>\n<meta property=\"og:type\" content=\"article\" class=\"yoast-seo-meta-tag\" \/>\n<meta property=\"og:title\" content=\"Visi\u00f3n y misi\u00f3n -\" class=\"yoast-seo-meta-tag\" \/>\n<meta property=\"og:description\" content=\"\u00c9xodo 17:8-16 Reina-Valera 1960 Guerra con Amalec 8\u00a0Entonces vino Amalec y pele\u00f3 contra Israel en Refidim. 9\u00a0Y dijo Mois\u00e9s a Josu\u00e9: Esc\u00f3genos varones, y sal a pelear contra Amalec; ma\u00f1ana yo estar\u00e9 sobre la cumbre del collado, y la vara de Dios en mi mano. 10\u00a0E hizo Josu\u00e9 como le [&hellip;]\" class=\"yoast-seo-meta-tag\" \/>\n<meta property=\"og:url\" content=\"https:\/\/www.missionariesofprayer.org\/es\/vision-y-mision\/\" class=\"yoast-seo-meta-tag\" \/>\n<meta property=\"og:site_name\" content=\"Missionaries Of Prayer: Christian Prayers\" class=\"yoast-seo-meta-tag\" \/>\n<meta property=\"article:publisher\" content=\"https:\/\/www.facebook.com\/PrayerForT%e2%80%8boday\/\" class=\"yoast-seo-meta-tag\" \/>\n<meta property=\"article:modified_time\" content=\"2016-07-20T13:07:11+00:00\" class=\"yoast-seo-meta-tag\" \/>\n<meta name=\"twitter:card\" content=\"summary_large_image\" class=\"yoast-seo-meta-tag\" \/>\n<meta name=\"twitter:label1\" content=\"Est. reading time\" class=\"yoast-seo-meta-tag\" \/>\n\t<meta name=\"twitter:data1\" content=\"3 minutes\" class=\"yoast-seo-meta-tag\" \/>\n<script type=\"application\/ld+json\" class=\"yoast-schema-graph\">{\"@context\":\"https:\\\/\\\/schema.org\",\"@graph\":[{\"@type\":\"WebPage\",\"@id\":\"https:\\\/\\\/www.missionariesofprayer.org\\\/es\\\/vision-y-mision\\\/\",\"url\":\"https:\\\/\\\/www.missionariesofprayer.org\\\/es\\\/vision-y-mision\\\/\",\"name\":\"Visi\u00f3n y misi\u00f3n -\",\"isPartOf\":{\"@id\":\"https:\\\/\\\/www.missionariesofprayer.org\\\/es\\\/#website\"},\"datePublished\":\"2010-03-25T10:30:50+00:00\",\"dateModified\":\"2016-07-20T13:07:11+00:00\",\"breadcrumb\":{\"@id\":\"https:\\\/\\\/www.missionariesofprayer.org\\\/es\\\/vision-y-mision\\\/#breadcrumb\"},\"inLanguage\":\"es-ES\",\"potentialAction\":[{\"@type\":\"ReadAction\",\"target\":[\"https:\\\/\\\/www.missionariesofprayer.org\\\/es\\\/vision-y-mision\\\/\"]}]},{\"@type\":\"BreadcrumbList\",\"@id\":\"https:\\\/\\\/www.missionariesofprayer.org\\\/es\\\/vision-y-mision\\\/#breadcrumb\",\"itemListElement\":[{\"@type\":\"ListItem\",\"position\":1,\"name\":\"Home\",\"item\":\"https:\\\/\\\/www.missionariesofprayer.org\\\/es\\\/\"},{\"@type\":\"ListItem\",\"position\":2,\"name\":\"Visi\u00f3n y misi\u00f3n\"}]},{\"@type\":\"WebSite\",\"@id\":\"https:\\\/\\\/www.missionariesofprayer.org\\\/es\\\/#website\",\"url\":\"https:\\\/\\\/www.missionariesofprayer.org\\\/es\\\/\",\"name\":\"Missionaries Of Prayer: Christian Prayers\",\"description\":\"Prayer Ministry\",\"publisher\":{\"@id\":\"https:\\\/\\\/www.missionariesofprayer.org\\\/es\\\/#organization\"},\"potentialAction\":[{\"@type\":\"SearchAction\",\"target\":{\"@type\":\"EntryPoint\",\"urlTemplate\":\"https:\\\/\\\/www.missionariesofprayer.org\\\/es\\\/?s={search_term_string}\"},\"query-input\":{\"@type\":\"PropertyValueSpecification\",\"valueRequired\":true,\"valueName\":\"search_term_string\"}}],\"inLanguage\":\"es-ES\"},{\"@type\":\"Organization\",\"@id\":\"https:\\\/\\\/www.missionariesofprayer.org\\\/es\\\/#organization\",\"name\":\"Missionaries Of Prayer\",\"url\":\"https:\\\/\\\/www.missionariesofprayer.org\\\/es\\\/\",\"logo\":{\"@type\":\"ImageObject\",\"inLanguage\":\"es-ES\",\"@id\":\"https:\\\/\\\/www.missionariesofprayer.org\\\/es\\\/#\\\/schema\\\/logo\\\/image\\\/\",\"url\":\"https:\\\/\\\/www.missionariesofprayer.org\\\/wp-content\\\/uploads\\\/2022\\\/09\\\/missionaries-of-prayer.jpg\",\"contentUrl\":\"https:\\\/\\\/www.missionariesofprayer.org\\\/wp-content\\\/uploads\\\/2022\\\/09\\\/missionaries-of-prayer.jpg\",\"width\":2555,\"height\":298,\"caption\":\"Missionaries Of Prayer\"},\"image\":{\"@id\":\"https:\\\/\\\/www.missionariesofprayer.org\\\/es\\\/#\\\/schema\\\/logo\\\/image\\\/\"},\"sameAs\":[\"https:\\\/\\\/www.facebook.com\\\/PrayerForT\u200boday\\\/\",\"http:\\\/\\\/www.instagram.com\\\/htsapm\",\"http:\\\/\\\/www.pinterest.com\\\/ChristianPrayer\",\"https:\\\/\\\/www.youtube.com\\\/channel\\\/UCsGM2MDFZ5JkOXRNJKIFT7A\"]}]}<\/script>\n<!-- \/ Yoast SEO plugin. -->","yoast_head_json":{"title":"Visi\u00f3n y misi\u00f3n -","robots":{"index":"index","follow":"follow","max-snippet":"max-snippet:-1","max-image-preview":"max-image-preview:large","max-video-preview":"max-video-preview:-1"},"canonical":"https:\/\/www.missionariesofprayer.org\/es\/vision-y-mision\/","og_locale":"es_ES","og_type":"article","og_title":"Visi\u00f3n y misi\u00f3n -","og_description":"\u00c9xodo 17:8-16 Reina-Valera 1960 Guerra con Amalec 8\u00a0Entonces vino Amalec y pele\u00f3 contra Israel en Refidim. 9\u00a0Y dijo Mois\u00e9s a Josu\u00e9: Esc\u00f3genos varones, y sal a pelear contra Amalec; ma\u00f1ana yo estar\u00e9 sobre la cumbre del collado, y la vara de Dios en mi mano. 10\u00a0E hizo Josu\u00e9 como le [&hellip;]","og_url":"https:\/\/www.missionariesofprayer.org\/es\/vision-y-mision\/","og_site_name":"Missionaries Of Prayer: Christian Prayers","article_publisher":"https:\/\/www.facebook.com\/PrayerForT%e2%80%8boday\/","article_modified_time":"2016-07-20T13:07:11+00:00","twitter_card":"summary_large_image","twitter_misc":{"Est. reading time":"3 minutes"},"schema":{"@context":"https:\/\/schema.org","@graph":[{"@type":"WebPage","@id":"https:\/\/www.missionariesofprayer.org\/es\/vision-y-mision\/","url":"https:\/\/www.missionariesofprayer.org\/es\/vision-y-mision\/","name":"Visi\u00f3n y misi\u00f3n -","isPartOf":{"@id":"https:\/\/www.missionariesofprayer.org\/es\/#website"},"datePublished":"2010-03-25T10:30:50+00:00","dateModified":"2016-07-20T13:07:11+00:00","breadcrumb":{"@id":"https:\/\/www.missionariesofprayer.org\/es\/vision-y-mision\/#breadcrumb"},"inLanguage":"es-ES","potentialAction":[{"@type":"ReadAction","target":["https:\/\/www.missionariesofprayer.org\/es\/vision-y-mision\/"]}]},{"@type":"BreadcrumbList","@id":"https:\/\/www.missionariesofprayer.org\/es\/vision-y-mision\/#breadcrumb","itemListElement":[{"@type":"ListItem","position":1,"name":"Home","item":"https:\/\/www.missionariesofprayer.org\/es\/"},{"@type":"ListItem","position":2,"name":"Visi\u00f3n y misi\u00f3n"}]},{"@type":"WebSite","@id":"https:\/\/www.missionariesofprayer.org\/es\/#website","url":"https:\/\/www.missionariesofprayer.org\/es\/","name":"Missionaries Of Prayer: Christian Prayers","description":"Prayer Ministry","publisher":{"@id":"https:\/\/www.missionariesofprayer.org\/es\/#organization"},"potentialAction":[{"@type":"SearchAction","target":{"@type":"EntryPoint","urlTemplate":"https:\/\/www.missionariesofprayer.org\/es\/?s={search_term_string}"},"query-input":{"@type":"PropertyValueSpecification","valueRequired":true,"valueName":"search_term_string"}}],"inLanguage":"es-ES"},{"@type":"Organization","@id":"https:\/\/www.missionariesofprayer.org\/es\/#organization","name":"Missionaries Of Prayer","url":"https:\/\/www.missionariesofprayer.org\/es\/","logo":{"@type":"ImageObject","inLanguage":"es-ES","@id":"https:\/\/www.missionariesofprayer.org\/es\/#\/schema\/logo\/image\/","url":"https:\/\/www.missionariesofprayer.org\/wp-content\/uploads\/2022\/09\/missionaries-of-prayer.jpg","contentUrl":"https:\/\/www.missionariesofprayer.org\/wp-content\/uploads\/2022\/09\/missionaries-of-prayer.jpg","width":2555,"height":298,"caption":"Missionaries Of Prayer"},"image":{"@id":"https:\/\/www.missionariesofprayer.org\/es\/#\/schema\/logo\/image\/"},"sameAs":["https:\/\/www.facebook.com\/PrayerForT\u200boday\/","http:\/\/www.instagram.com\/htsapm","http:\/\/www.pinterest.com\/ChristianPrayer","https:\/\/www.youtube.com\/channel\/UCsGM2MDFZ5JkOXRNJKIFT7A"]}]}},"_links":{"self":[{"href":"https:\/\/www.missionariesofprayer.org\/es\/wp-json\/wp\/v2\/pages\/19703","targetHints":{"allow":["GET"]}}],"collection":[{"href":"https:\/\/www.missionariesofprayer.org\/es\/wp-json\/wp\/v2\/pages"}],"about":[{"href":"https:\/\/www.missionariesofprayer.org\/es\/wp-json\/wp\/v2\/types\/page"}],"author":[{"embeddable":true,"href":"https:\/\/www.missionariesofprayer.org\/es\/wp-json\/wp\/v2\/users\/152"}],"replies":[{"embeddable":true,"href":"https:\/\/www.missionariesofprayer.org\/es\/wp-json\/wp\/v2\/comments?post=19703"}],"version-history":[{"count":0,"href":"https:\/\/www.missionariesofprayer.org\/es\/wp-json\/wp\/v2\/pages\/19703\/revisions"}],"wp:attachment":[{"href":"https:\/\/www.missionariesofprayer.org\/es\/wp-json\/wp\/v2\/media?parent=19703"}],"curies":[{"name":"wp","href":"https:\/\/api.w.org\/{rel}","templated":true}]}}