{"id":19669,"date":"2012-02-01T11:34:21","date_gmt":"2012-02-01T18:34:21","guid":{"rendered":"https:\/\/missionariesofprayer.org\/es\/politica-de-privacidad\/"},"modified":"2016-06-06T05:08:12","modified_gmt":"2016-06-06T12:08:12","slug":"politica-de-privacidad","status":"publish","type":"page","link":"https:\/\/www.missionariesofprayer.org\/es\/politica-de-privacidad\/","title":{"rendered":"Pol\u00edtica de privacidad"},"content":{"rendered":"<p>Su privacidad es muy importante para nosotros. En consecuencia, hemos desarrollado esta Pol\u00edtica para que usted pueda entender c\u00f3mo recogemos, utilizamos, comunicar y divulgar y hacer uso de la informaci\u00f3n personal. A continuaci\u00f3n se describe nuestra pol\u00edtica de privacidad.<\/p>\n<p>* Antes o en el momento de la recogida de informaci\u00f3n personal, identificaremos los fines para los que est\u00e1 siendo recopilada.<\/p>\n<p>* Vamos a recoger y utilizar la informaci\u00f3n personal con el \u00fanico objetivo de cumplir con los fines especificados por nosotros y para otros fines compatibles, a menos que obtener el consentimiento de la persona en cuesti\u00f3n o de lo requerido por la ley.<\/p>\n<p>* S\u00f3lo se conservar\u00e1n los datos personales durante el tiempo necesario para el cumplimiento de dichos fines. En otras palabras, una vez que hemos orado por su petici\u00f3n de oraci\u00f3n se elimina a continuaci\u00f3n la informaci\u00f3n.<\/p>\n<p>* La \u00fanica persona que ve su petici\u00f3n de oraci\u00f3n es uno de nuestros compa\u00f1eros de oraci\u00f3n completamente entrenados. Cada compa\u00f1ero de oraci\u00f3n tiene que firmar en nuestro c\u00f3digo intercesores de la \u00e9tica con el fin de ver a cualquier petici\u00f3n de oraci\u00f3n.<\/p>\n<p>* Vamos a recoger informaci\u00f3n personal por medios leg\u00edtimos y justos y, en su caso, con el conocimiento o consentimiento de la persona en cuesti\u00f3n.<\/p>\n<p>* Los datos personales deben ser relevantes para los fines para los que se va a utilizar, y, en la medida necesaria para esos fines, debe ser precisa, completa y actualizada.<\/p>\n<p>* Vamos a proteger la informaci\u00f3n personal mediante medidas razonables de seguridad contra p\u00e9rdida o robo, as\u00ed como el acceso no autorizado, revelaci\u00f3n, copia, uso o modificaci\u00f3n.<\/p>\n<p>* En ning\u00fan caso venderemos su informaci\u00f3n o compartir su informaci\u00f3n personal con otras fuentes o foro a menos que se le concede su permiso para hacerlo.<\/p>\n<p>* Sus donaciones est\u00e1n siendo proceso a trav\u00e9s de Paypal. La informaci\u00f3n sensible, tales como su nombre, direcci\u00f3n geogr\u00e1fica, la direcci\u00f3n de correo electr\u00f3nico y un n\u00famero de tarjeta de cr\u00e9dito, es encriptada y protegida con el mejor software de encriptaci\u00f3n de la industria, SSL y toda la informaci\u00f3n se da a conocer a PayPal solamente.<\/p>\n<p>* No almacenamos la informaci\u00f3n de su tarjeta de cr\u00e9dito en nuestros archivos ya que todos los pagos se procesan a trav\u00e9s de Paypal.<\/p>\n<p>Estamos comprometidos a llevar a cabo nuestro negocio de acuerdo con estos principios con el fin de garantizar que la confidencialidad de la informaci\u00f3n personal est\u00e1 protegida y mantenida.<\/p>\n","protected":false},"excerpt":{"rendered":"<p>Su privacidad es muy importante para nosotros. En consecuencia, hemos desarrollado esta Pol\u00edtica para que usted pueda entender c\u00f3mo recogemos, utilizamos, comunicar y divulgar y hacer uso de la informaci\u00f3n personal. A continuaci\u00f3n se describe nuestra pol\u00edtica de privacidad. * Antes o en el momento de la recogida de informaci\u00f3n [&hellip;]<\/p>\n","protected":false},"author":152,"featured_media":0,"parent":0,"menu_order":0,"comment_status":"open","ping_status":"closed","template":"","meta":{"_bbp_topic_count":0,"_bbp_reply_count":0,"_bbp_total_topic_count":0,"_bbp_total_reply_count":0,"_bbp_voice_count":0,"_bbp_anonymous_reply_count":0,"_bbp_topic_count_hidden":0,"_bbp_reply_count_hidden":0,"_bbp_forum_subforum_count":0,"footnotes":""},"class_list":["post-19669","page","type-page","status-publish","hentry","bwp-masonry-item","bwp-col-3","bwp-post-has-title"],"yoast_head":"<!-- This site is optimized with the Yoast SEO plugin v27.3 - https:\/\/yoast.com\/product\/yoast-seo-wordpress\/ -->\n<title>Pol\u00edtica de privacidad -<\/title>\n<meta name=\"robots\" content=\"noindex, nofollow\" \/>\n<meta property=\"og:locale\" content=\"es_ES\" class=\"yoast-seo-meta-tag\" \/>\n<meta property=\"og:type\" content=\"article\" class=\"yoast-seo-meta-tag\" \/>\n<meta property=\"og:title\" content=\"Pol\u00edtica de privacidad -\" class=\"yoast-seo-meta-tag\" \/>\n<meta property=\"og:description\" content=\"Su privacidad es muy importante para nosotros. En consecuencia, hemos desarrollado esta Pol\u00edtica para que usted pueda entender c\u00f3mo recogemos, utilizamos, comunicar y divulgar y hacer uso de la informaci\u00f3n personal. A continuaci\u00f3n se describe nuestra pol\u00edtica de privacidad. * Antes o en el momento de la recogida de informaci\u00f3n [&hellip;]\" class=\"yoast-seo-meta-tag\" \/>\n<meta property=\"og:url\" content=\"https:\/\/www.missionariesofprayer.org\/es\/politica-de-privacidad\/\" class=\"yoast-seo-meta-tag\" \/>\n<meta property=\"og:site_name\" content=\"Missionaries Of Prayer: Christian Prayers\" class=\"yoast-seo-meta-tag\" \/>\n<meta property=\"article:publisher\" content=\"https:\/\/www.facebook.com\/PrayerForT%e2%80%8boday\/\" class=\"yoast-seo-meta-tag\" \/>\n<meta property=\"article:modified_time\" content=\"2016-06-06T12:08:12+00:00\" class=\"yoast-seo-meta-tag\" \/>\n<meta name=\"twitter:card\" content=\"summary_large_image\" class=\"yoast-seo-meta-tag\" \/>\n<meta name=\"twitter:label1\" content=\"Est. reading time\" class=\"yoast-seo-meta-tag\" \/>\n\t<meta name=\"twitter:data1\" content=\"2 minutes\" class=\"yoast-seo-meta-tag\" \/>\n<script type=\"application\/ld+json\" class=\"yoast-schema-graph\">{\"@context\":\"https:\\\/\\\/schema.org\",\"@graph\":[{\"@type\":\"WebPage\",\"@id\":\"https:\\\/\\\/www.missionariesofprayer.org\\\/es\\\/politica-de-privacidad\\\/\",\"url\":\"https:\\\/\\\/www.missionariesofprayer.org\\\/es\\\/politica-de-privacidad\\\/\",\"name\":\"Pol\u00edtica de privacidad -\",\"isPartOf\":{\"@id\":\"https:\\\/\\\/www.missionariesofprayer.org\\\/es\\\/#website\"},\"datePublished\":\"2012-02-01T18:34:21+00:00\",\"dateModified\":\"2016-06-06T12:08:12+00:00\",\"breadcrumb\":{\"@id\":\"https:\\\/\\\/www.missionariesofprayer.org\\\/es\\\/politica-de-privacidad\\\/#breadcrumb\"},\"inLanguage\":\"es-ES\",\"potentialAction\":[{\"@type\":\"ReadAction\",\"target\":[\"https:\\\/\\\/www.missionariesofprayer.org\\\/es\\\/politica-de-privacidad\\\/\"]}]},{\"@type\":\"BreadcrumbList\",\"@id\":\"https:\\\/\\\/www.missionariesofprayer.org\\\/es\\\/politica-de-privacidad\\\/#breadcrumb\",\"itemListElement\":[{\"@type\":\"ListItem\",\"position\":1,\"name\":\"Home\",\"item\":\"https:\\\/\\\/www.missionariesofprayer.org\\\/es\\\/\"},{\"@type\":\"ListItem\",\"position\":2,\"name\":\"Pol\u00edtica de privacidad\"}]},{\"@type\":\"WebSite\",\"@id\":\"https:\\\/\\\/www.missionariesofprayer.org\\\/es\\\/#website\",\"url\":\"https:\\\/\\\/www.missionariesofprayer.org\\\/es\\\/\",\"name\":\"Missionaries Of Prayer: Christian Prayers\",\"description\":\"Prayer Ministry\",\"publisher\":{\"@id\":\"https:\\\/\\\/www.missionariesofprayer.org\\\/es\\\/#organization\"},\"potentialAction\":[{\"@type\":\"SearchAction\",\"target\":{\"@type\":\"EntryPoint\",\"urlTemplate\":\"https:\\\/\\\/www.missionariesofprayer.org\\\/es\\\/?s={search_term_string}\"},\"query-input\":{\"@type\":\"PropertyValueSpecification\",\"valueRequired\":true,\"valueName\":\"search_term_string\"}}],\"inLanguage\":\"es-ES\"},{\"@type\":\"Organization\",\"@id\":\"https:\\\/\\\/www.missionariesofprayer.org\\\/es\\\/#organization\",\"name\":\"Missionaries Of Prayer\",\"url\":\"https:\\\/\\\/www.missionariesofprayer.org\\\/es\\\/\",\"logo\":{\"@type\":\"ImageObject\",\"inLanguage\":\"es-ES\",\"@id\":\"https:\\\/\\\/www.missionariesofprayer.org\\\/es\\\/#\\\/schema\\\/logo\\\/image\\\/\",\"url\":\"https:\\\/\\\/www.missionariesofprayer.org\\\/wp-content\\\/uploads\\\/2022\\\/09\\\/missionaries-of-prayer.jpg\",\"contentUrl\":\"https:\\\/\\\/www.missionariesofprayer.org\\\/wp-content\\\/uploads\\\/2022\\\/09\\\/missionaries-of-prayer.jpg\",\"width\":2555,\"height\":298,\"caption\":\"Missionaries Of Prayer\"},\"image\":{\"@id\":\"https:\\\/\\\/www.missionariesofprayer.org\\\/es\\\/#\\\/schema\\\/logo\\\/image\\\/\"},\"sameAs\":[\"https:\\\/\\\/www.facebook.com\\\/PrayerForT\u200boday\\\/\",\"http:\\\/\\\/www.instagram.com\\\/htsapm\",\"http:\\\/\\\/www.pinterest.com\\\/ChristianPrayer\",\"https:\\\/\\\/www.youtube.com\\\/channel\\\/UCsGM2MDFZ5JkOXRNJKIFT7A\"]}]}<\/script>\n<!-- \/ Yoast SEO plugin. -->","yoast_head_json":{"title":"Pol\u00edtica de privacidad -","robots":{"index":"noindex","follow":"nofollow"},"og_locale":"es_ES","og_type":"article","og_title":"Pol\u00edtica de privacidad -","og_description":"Su privacidad es muy importante para nosotros. En consecuencia, hemos desarrollado esta Pol\u00edtica para que usted pueda entender c\u00f3mo recogemos, utilizamos, comunicar y divulgar y hacer uso de la informaci\u00f3n personal. A continuaci\u00f3n se describe nuestra pol\u00edtica de privacidad. * Antes o en el momento de la recogida de informaci\u00f3n [&hellip;]","og_url":"https:\/\/www.missionariesofprayer.org\/es\/politica-de-privacidad\/","og_site_name":"Missionaries Of Prayer: Christian Prayers","article_publisher":"https:\/\/www.facebook.com\/PrayerForT%e2%80%8boday\/","article_modified_time":"2016-06-06T12:08:12+00:00","twitter_card":"summary_large_image","twitter_misc":{"Est. reading time":"2 minutes"},"schema":{"@context":"https:\/\/schema.org","@graph":[{"@type":"WebPage","@id":"https:\/\/www.missionariesofprayer.org\/es\/politica-de-privacidad\/","url":"https:\/\/www.missionariesofprayer.org\/es\/politica-de-privacidad\/","name":"Pol\u00edtica de privacidad -","isPartOf":{"@id":"https:\/\/www.missionariesofprayer.org\/es\/#website"},"datePublished":"2012-02-01T18:34:21+00:00","dateModified":"2016-06-06T12:08:12+00:00","breadcrumb":{"@id":"https:\/\/www.missionariesofprayer.org\/es\/politica-de-privacidad\/#breadcrumb"},"inLanguage":"es-ES","potentialAction":[{"@type":"ReadAction","target":["https:\/\/www.missionariesofprayer.org\/es\/politica-de-privacidad\/"]}]},{"@type":"BreadcrumbList","@id":"https:\/\/www.missionariesofprayer.org\/es\/politica-de-privacidad\/#breadcrumb","itemListElement":[{"@type":"ListItem","position":1,"name":"Home","item":"https:\/\/www.missionariesofprayer.org\/es\/"},{"@type":"ListItem","position":2,"name":"Pol\u00edtica de privacidad"}]},{"@type":"WebSite","@id":"https:\/\/www.missionariesofprayer.org\/es\/#website","url":"https:\/\/www.missionariesofprayer.org\/es\/","name":"Missionaries Of Prayer: Christian Prayers","description":"Prayer Ministry","publisher":{"@id":"https:\/\/www.missionariesofprayer.org\/es\/#organization"},"potentialAction":[{"@type":"SearchAction","target":{"@type":"EntryPoint","urlTemplate":"https:\/\/www.missionariesofprayer.org\/es\/?s={search_term_string}"},"query-input":{"@type":"PropertyValueSpecification","valueRequired":true,"valueName":"search_term_string"}}],"inLanguage":"es-ES"},{"@type":"Organization","@id":"https:\/\/www.missionariesofprayer.org\/es\/#organization","name":"Missionaries Of Prayer","url":"https:\/\/www.missionariesofprayer.org\/es\/","logo":{"@type":"ImageObject","inLanguage":"es-ES","@id":"https:\/\/www.missionariesofprayer.org\/es\/#\/schema\/logo\/image\/","url":"https:\/\/www.missionariesofprayer.org\/wp-content\/uploads\/2022\/09\/missionaries-of-prayer.jpg","contentUrl":"https:\/\/www.missionariesofprayer.org\/wp-content\/uploads\/2022\/09\/missionaries-of-prayer.jpg","width":2555,"height":298,"caption":"Missionaries Of Prayer"},"image":{"@id":"https:\/\/www.missionariesofprayer.org\/es\/#\/schema\/logo\/image\/"},"sameAs":["https:\/\/www.facebook.com\/PrayerForT\u200boday\/","http:\/\/www.instagram.com\/htsapm","http:\/\/www.pinterest.com\/ChristianPrayer","https:\/\/www.youtube.com\/channel\/UCsGM2MDFZ5JkOXRNJKIFT7A"]}]}},"_links":{"self":[{"href":"https:\/\/www.missionariesofprayer.org\/es\/wp-json\/wp\/v2\/pages\/19669","targetHints":{"allow":["GET"]}}],"collection":[{"href":"https:\/\/www.missionariesofprayer.org\/es\/wp-json\/wp\/v2\/pages"}],"about":[{"href":"https:\/\/www.missionariesofprayer.org\/es\/wp-json\/wp\/v2\/types\/page"}],"author":[{"embeddable":true,"href":"https:\/\/www.missionariesofprayer.org\/es\/wp-json\/wp\/v2\/users\/152"}],"replies":[{"embeddable":true,"href":"https:\/\/www.missionariesofprayer.org\/es\/wp-json\/wp\/v2\/comments?post=19669"}],"version-history":[{"count":0,"href":"https:\/\/www.missionariesofprayer.org\/es\/wp-json\/wp\/v2\/pages\/19669\/revisions"}],"wp:attachment":[{"href":"https:\/\/www.missionariesofprayer.org\/es\/wp-json\/wp\/v2\/media?parent=19669"}],"curies":[{"name":"wp","href":"https:\/\/api.w.org\/{rel}","templated":true}]}}