{"id":19652,"date":"2016-06-06T05:07:14","date_gmt":"2016-06-06T12:07:14","guid":{"rendered":"https:\/\/missionariesofprayer.org\/es\/publicidad-con-nosotros\/"},"modified":"2016-06-06T05:07:14","modified_gmt":"2016-06-06T12:07:14","slug":"publicidad-con-nosotros","status":"publish","type":"page","link":"https:\/\/www.missionariesofprayer.org\/es\/publicidad-con-nosotros\/","title":{"rendered":"Publicidad con nosotros"},"content":{"rendered":"<p>\u00bfTiene una iglesia o evento ministerio, conferencia, o producto que desea promover? P\u00f3ngase en contacto con nosotros acerca de la colocaci\u00f3n de un banner en nuestro sitio para su evento.<\/p>\n<p>Vamos a crear una bandera para que usted pueda ser colocado en nuestra p\u00e1gina web. Su anuncio se distribuir\u00e1 tambi\u00e9n en nuestros canales de medios sociales. Los banners est\u00e1n disponibles en tama\u00f1os:<\/p>\n<p>160&#215;600<\/p>\n<p>160&#215;240<\/p>\n<p>200&#215;200<\/p>\n<p>250&#215;250<\/p>\n<p>250&#215;300<\/p>\n<p>300&#215;300<\/p>\n<p>Por favor env\u00ede un correo electr\u00f3nico a discutir el precio de Nicole en misioneros de la oraci\u00f3n punto org<\/p>\n","protected":false},"excerpt":{"rendered":"<p>\u00bfTiene una iglesia o evento ministerio, conferencia, o producto que desea promover? P\u00f3ngase en contacto con nosotros acerca de la colocaci\u00f3n de un banner en nuestro sitio para su evento. Vamos a crear una bandera para que usted pueda ser colocado en nuestra p\u00e1gina web. Su anuncio se distribuir\u00e1 tambi\u00e9n [&hellip;]<\/p>\n","protected":false},"author":152,"featured_media":0,"parent":0,"menu_order":0,"comment_status":"open","ping_status":"closed","template":"","meta":{"_bbp_topic_count":0,"_bbp_reply_count":0,"_bbp_total_topic_count":0,"_bbp_total_reply_count":0,"_bbp_voice_count":0,"_bbp_anonymous_reply_count":0,"_bbp_topic_count_hidden":0,"_bbp_reply_count_hidden":0,"_bbp_forum_subforum_count":0,"footnotes":""},"class_list":["post-19652","page","type-page","status-publish","hentry","bwp-masonry-item","bwp-col-3","bwp-post-has-title"],"yoast_head":"<!-- This site is optimized with the Yoast SEO plugin v27.4 - https:\/\/yoast.com\/product\/yoast-seo-wordpress\/ -->\n<title>Christian Advertising<\/title>\n<meta name=\"description\" content=\"Do you have a Christian event, conference or product that you would like to promote? Advertise on our website and social media channels.\" class=\"yoast-seo-meta-tag\" \/>\n<meta name=\"robots\" content=\"index, follow, max-snippet:-1, max-image-preview:large, max-video-preview:-1\" \/>\n<link rel=\"canonical\" href=\"https:\/\/www.missionariesofprayer.org\/es\/publicidad-con-nosotros\/\" class=\"yoast-seo-meta-tag\" \/>\n<meta property=\"og:locale\" content=\"es_ES\" class=\"yoast-seo-meta-tag\" \/>\n<meta property=\"og:type\" content=\"article\" class=\"yoast-seo-meta-tag\" \/>\n<meta property=\"og:title\" content=\"Christian Advertising\" class=\"yoast-seo-meta-tag\" \/>\n<meta property=\"og:description\" content=\"Do you have a Christian event, conference or product that you would like to promote? Advertise on our website and social media channels.\" class=\"yoast-seo-meta-tag\" \/>\n<meta property=\"og:url\" content=\"https:\/\/www.missionariesofprayer.org\/es\/publicidad-con-nosotros\/\" class=\"yoast-seo-meta-tag\" \/>\n<meta property=\"og:site_name\" content=\"Missionaries Of Prayer: Christian Prayers\" class=\"yoast-seo-meta-tag\" \/>\n<meta property=\"article:publisher\" content=\"https:\/\/www.facebook.com\/PrayerForT%e2%80%8boday\/\" class=\"yoast-seo-meta-tag\" \/>\n<meta name=\"twitter:card\" content=\"summary_large_image\" class=\"yoast-seo-meta-tag\" \/>\n<script type=\"application\/ld+json\" class=\"yoast-schema-graph\">{\"@context\":\"https:\\\/\\\/schema.org\",\"@graph\":[{\"@type\":\"WebPage\",\"@id\":\"https:\\\/\\\/www.missionariesofprayer.org\\\/es\\\/publicidad-con-nosotros\\\/\",\"url\":\"https:\\\/\\\/www.missionariesofprayer.org\\\/es\\\/publicidad-con-nosotros\\\/\",\"name\":\"Christian Advertising\",\"isPartOf\":{\"@id\":\"http:\\\/\\\/www.missionariesofprayer.org\\\/es\\\/#website\"},\"datePublished\":\"2016-06-06T12:07:14+00:00\",\"description\":\"Do you have a Christian event, conference or product that you would like to promote? Advertise on our website and social media channels.\",\"breadcrumb\":{\"@id\":\"https:\\\/\\\/www.missionariesofprayer.org\\\/es\\\/publicidad-con-nosotros\\\/#breadcrumb\"},\"inLanguage\":\"es-ES\",\"potentialAction\":[{\"@type\":\"ReadAction\",\"target\":[\"https:\\\/\\\/www.missionariesofprayer.org\\\/es\\\/publicidad-con-nosotros\\\/\"]}]},{\"@type\":\"BreadcrumbList\",\"@id\":\"https:\\\/\\\/www.missionariesofprayer.org\\\/es\\\/publicidad-con-nosotros\\\/#breadcrumb\",\"itemListElement\":[{\"@type\":\"ListItem\",\"position\":1,\"name\":\"Home\",\"item\":\"http:\\\/\\\/www.missionariesofprayer.org\\\/es\\\/\"},{\"@type\":\"ListItem\",\"position\":2,\"name\":\"Publicidad con nosotros\"}]},{\"@type\":\"WebSite\",\"@id\":\"http:\\\/\\\/www.missionariesofprayer.org\\\/es\\\/#website\",\"url\":\"http:\\\/\\\/www.missionariesofprayer.org\\\/es\\\/\",\"name\":\"Missionaries Of Prayer: Christian Prayers\",\"description\":\"Prayer Ministry\",\"publisher\":{\"@id\":\"http:\\\/\\\/www.missionariesofprayer.org\\\/es\\\/#organization\"},\"potentialAction\":[{\"@type\":\"SearchAction\",\"target\":{\"@type\":\"EntryPoint\",\"urlTemplate\":\"http:\\\/\\\/www.missionariesofprayer.org\\\/es\\\/?s={search_term_string}\"},\"query-input\":{\"@type\":\"PropertyValueSpecification\",\"valueRequired\":true,\"valueName\":\"search_term_string\"}}],\"inLanguage\":\"es-ES\"},{\"@type\":\"Organization\",\"@id\":\"http:\\\/\\\/www.missionariesofprayer.org\\\/es\\\/#organization\",\"name\":\"Missionaries Of Prayer\",\"url\":\"http:\\\/\\\/www.missionariesofprayer.org\\\/es\\\/\",\"logo\":{\"@type\":\"ImageObject\",\"inLanguage\":\"es-ES\",\"@id\":\"http:\\\/\\\/www.missionariesofprayer.org\\\/es\\\/#\\\/schema\\\/logo\\\/image\\\/\",\"url\":\"https:\\\/\\\/www.missionariesofprayer.org\\\/wp-content\\\/uploads\\\/2022\\\/09\\\/missionaries-of-prayer.jpg\",\"contentUrl\":\"https:\\\/\\\/www.missionariesofprayer.org\\\/wp-content\\\/uploads\\\/2022\\\/09\\\/missionaries-of-prayer.jpg\",\"width\":2555,\"height\":298,\"caption\":\"Missionaries Of Prayer\"},\"image\":{\"@id\":\"http:\\\/\\\/www.missionariesofprayer.org\\\/es\\\/#\\\/schema\\\/logo\\\/image\\\/\"},\"sameAs\":[\"https:\\\/\\\/www.facebook.com\\\/PrayerForT\u200boday\\\/\",\"http:\\\/\\\/www.instagram.com\\\/htsapm\",\"http:\\\/\\\/www.pinterest.com\\\/ChristianPrayer\",\"https:\\\/\\\/www.youtube.com\\\/channel\\\/UCsGM2MDFZ5JkOXRNJKIFT7A\"]}]}<\/script>\n<!-- \/ Yoast SEO plugin. -->","yoast_head_json":{"title":"Christian Advertising","description":"Do you have a Christian event, conference or product that you would like to promote? Advertise on our website and social media channels.","robots":{"index":"index","follow":"follow","max-snippet":"max-snippet:-1","max-image-preview":"max-image-preview:large","max-video-preview":"max-video-preview:-1"},"canonical":"https:\/\/www.missionariesofprayer.org\/es\/publicidad-con-nosotros\/","og_locale":"es_ES","og_type":"article","og_title":"Christian Advertising","og_description":"Do you have a Christian event, conference or product that you would like to promote? Advertise on our website and social media channels.","og_url":"https:\/\/www.missionariesofprayer.org\/es\/publicidad-con-nosotros\/","og_site_name":"Missionaries Of Prayer: Christian Prayers","article_publisher":"https:\/\/www.facebook.com\/PrayerForT%e2%80%8boday\/","twitter_card":"summary_large_image","schema":{"@context":"https:\/\/schema.org","@graph":[{"@type":"WebPage","@id":"https:\/\/www.missionariesofprayer.org\/es\/publicidad-con-nosotros\/","url":"https:\/\/www.missionariesofprayer.org\/es\/publicidad-con-nosotros\/","name":"Christian Advertising","isPartOf":{"@id":"http:\/\/www.missionariesofprayer.org\/es\/#website"},"datePublished":"2016-06-06T12:07:14+00:00","description":"Do you have a Christian event, conference or product that you would like to promote? Advertise on our website and social media channels.","breadcrumb":{"@id":"https:\/\/www.missionariesofprayer.org\/es\/publicidad-con-nosotros\/#breadcrumb"},"inLanguage":"es-ES","potentialAction":[{"@type":"ReadAction","target":["https:\/\/www.missionariesofprayer.org\/es\/publicidad-con-nosotros\/"]}]},{"@type":"BreadcrumbList","@id":"https:\/\/www.missionariesofprayer.org\/es\/publicidad-con-nosotros\/#breadcrumb","itemListElement":[{"@type":"ListItem","position":1,"name":"Home","item":"http:\/\/www.missionariesofprayer.org\/es\/"},{"@type":"ListItem","position":2,"name":"Publicidad con nosotros"}]},{"@type":"WebSite","@id":"http:\/\/www.missionariesofprayer.org\/es\/#website","url":"http:\/\/www.missionariesofprayer.org\/es\/","name":"Missionaries Of Prayer: Christian Prayers","description":"Prayer Ministry","publisher":{"@id":"http:\/\/www.missionariesofprayer.org\/es\/#organization"},"potentialAction":[{"@type":"SearchAction","target":{"@type":"EntryPoint","urlTemplate":"http:\/\/www.missionariesofprayer.org\/es\/?s={search_term_string}"},"query-input":{"@type":"PropertyValueSpecification","valueRequired":true,"valueName":"search_term_string"}}],"inLanguage":"es-ES"},{"@type":"Organization","@id":"http:\/\/www.missionariesofprayer.org\/es\/#organization","name":"Missionaries Of Prayer","url":"http:\/\/www.missionariesofprayer.org\/es\/","logo":{"@type":"ImageObject","inLanguage":"es-ES","@id":"http:\/\/www.missionariesofprayer.org\/es\/#\/schema\/logo\/image\/","url":"https:\/\/www.missionariesofprayer.org\/wp-content\/uploads\/2022\/09\/missionaries-of-prayer.jpg","contentUrl":"https:\/\/www.missionariesofprayer.org\/wp-content\/uploads\/2022\/09\/missionaries-of-prayer.jpg","width":2555,"height":298,"caption":"Missionaries Of Prayer"},"image":{"@id":"http:\/\/www.missionariesofprayer.org\/es\/#\/schema\/logo\/image\/"},"sameAs":["https:\/\/www.facebook.com\/PrayerForT\u200boday\/","http:\/\/www.instagram.com\/htsapm","http:\/\/www.pinterest.com\/ChristianPrayer","https:\/\/www.youtube.com\/channel\/UCsGM2MDFZ5JkOXRNJKIFT7A"]}]}},"_links":{"self":[{"href":"https:\/\/www.missionariesofprayer.org\/es\/wp-json\/wp\/v2\/pages\/19652","targetHints":{"allow":["GET"]}}],"collection":[{"href":"https:\/\/www.missionariesofprayer.org\/es\/wp-json\/wp\/v2\/pages"}],"about":[{"href":"https:\/\/www.missionariesofprayer.org\/es\/wp-json\/wp\/v2\/types\/page"}],"author":[{"embeddable":true,"href":"https:\/\/www.missionariesofprayer.org\/es\/wp-json\/wp\/v2\/users\/152"}],"replies":[{"embeddable":true,"href":"https:\/\/www.missionariesofprayer.org\/es\/wp-json\/wp\/v2\/comments?post=19652"}],"version-history":[{"count":0,"href":"https:\/\/www.missionariesofprayer.org\/es\/wp-json\/wp\/v2\/pages\/19652\/revisions"}],"wp:attachment":[{"href":"https:\/\/www.missionariesofprayer.org\/es\/wp-json\/wp\/v2\/media?parent=19652"}],"curies":[{"name":"wp","href":"https:\/\/api.w.org\/{rel}","templated":true}]}}