{"id":19633,"date":"2016-06-06T04:56:58","date_gmt":"2016-06-06T11:56:58","guid":{"rendered":"https:\/\/missionariesofprayer.org\/es\/quienes-somos\/"},"modified":"2016-06-06T04:56:58","modified_gmt":"2016-06-06T11:56:58","slug":"quienes-somos","status":"publish","type":"page","link":"https:\/\/www.missionariesofprayer.org\/es\/quienes-somos\/","title":{"rendered":"Quienes somos"},"content":{"rendered":"<p>Las Misioneras de la oraci\u00f3n es una red interdenominacional de cristianos que est\u00e1n comprometidos con la oraci\u00f3n.<\/p>\n<p>Una misionera de oraci\u00f3n es un cristiano que se ha comprometido a la oraci\u00f3n donde Dios le ha llamado a ser. Esto podr\u00eda ser en el lugar de trabajo, en su casa para su familia, para los individuos, para la Iglesia, para el mundo, para los gobiernos, para los temas de justicia social o para las naciones. Formamos a los misioneros de oraci\u00f3n para que sean eficaces.<\/p>\n<p>Damos la bienvenida a todas las denominaciones que est\u00e9n de acuerdo con nuestra Declaraci\u00f3n de Fe.<\/p>\n<p>Creemos en el poder de la oraci\u00f3n y entendemos que todo el trabajo exitoso para el Reino de Dios debe comenzar con la oraci\u00f3n. Dios espera que nos humillamos y venimos a \u00c9l en la oraci\u00f3n para que \u00c9l pueda trabajar en nuestro nombre.<\/p>\n<p>los <a href=\"https:\/\/www.missionariesofprayer.org\/es\/que-es-el-evangelio\/\">Gospel of Jesus Christ<\/a>es una parte esencial de cualquier Ministerio de Oraci\u00f3n. Consideramos que es un privilegio para orar por las necesidades individuales de oraci\u00f3n, pero es s\u00f3lo cuando compartimos el Evangelio que seremos capaces de liberar a las personas de verdad <strong>para siempre.<\/strong><\/p>\n<p>Es la libertad con que Cristo nos ha liberado. G\u00e1latas 5: 1<\/p>\n","protected":false},"excerpt":{"rendered":"<p>Las Misioneras de la oraci\u00f3n es una red interdenominacional de cristianos que est\u00e1n comprometidos con la oraci\u00f3n. Una misionera de oraci\u00f3n es un cristiano que se ha comprometido a la oraci\u00f3n donde Dios le ha llamado a ser. Esto podr\u00eda ser en el lugar de trabajo, en su casa para [&hellip;]<\/p>\n","protected":false},"author":152,"featured_media":0,"parent":0,"menu_order":0,"comment_status":"closed","ping_status":"closed","template":"","meta":{"_bbp_topic_count":0,"_bbp_reply_count":0,"_bbp_total_topic_count":0,"_bbp_total_reply_count":0,"_bbp_voice_count":0,"_bbp_anonymous_reply_count":0,"_bbp_topic_count_hidden":0,"_bbp_reply_count_hidden":0,"_bbp_forum_subforum_count":0,"footnotes":""},"class_list":["post-19633","page","type-page","status-publish","hentry","bwp-masonry-item","bwp-col-3","bwp-post-has-title"],"yoast_head":"<!-- This site is optimized with the Yoast SEO plugin v27.4 - https:\/\/yoast.com\/product\/yoast-seo-wordpress\/ -->\n<title>Who We Are<\/title>\n<meta name=\"robots\" content=\"index, follow, max-snippet:-1, max-image-preview:large, max-video-preview:-1\" \/>\n<link rel=\"canonical\" href=\"https:\/\/www.missionariesofprayer.org\/es\/quienes-somos\/\" class=\"yoast-seo-meta-tag\" \/>\n<meta property=\"og:locale\" content=\"es_ES\" class=\"yoast-seo-meta-tag\" \/>\n<meta property=\"og:type\" content=\"article\" class=\"yoast-seo-meta-tag\" \/>\n<meta property=\"og:title\" content=\"Who We Are\" class=\"yoast-seo-meta-tag\" \/>\n<meta property=\"og:description\" content=\"Las Misioneras de la oraci\u00f3n es una red interdenominacional de cristianos que est\u00e1n comprometidos con la oraci\u00f3n. Una misionera de oraci\u00f3n es un cristiano que se ha comprometido a la oraci\u00f3n donde Dios le ha llamado a ser. Esto podr\u00eda ser en el lugar de trabajo, en su casa para [&hellip;]\" class=\"yoast-seo-meta-tag\" \/>\n<meta property=\"og:url\" content=\"https:\/\/www.missionariesofprayer.org\/es\/quienes-somos\/\" class=\"yoast-seo-meta-tag\" \/>\n<meta property=\"og:site_name\" content=\"Missionaries Of Prayer: Christian Prayers\" class=\"yoast-seo-meta-tag\" \/>\n<meta property=\"article:publisher\" content=\"https:\/\/www.facebook.com\/PrayerForT%e2%80%8boday\/\" class=\"yoast-seo-meta-tag\" \/>\n<meta name=\"twitter:card\" content=\"summary_large_image\" class=\"yoast-seo-meta-tag\" \/>\n<meta name=\"twitter:label1\" content=\"Est. reading time\" class=\"yoast-seo-meta-tag\" \/>\n\t<meta name=\"twitter:data1\" content=\"1 minute\" class=\"yoast-seo-meta-tag\" \/>\n<script type=\"application\/ld+json\" class=\"yoast-schema-graph\">{\"@context\":\"https:\\\/\\\/schema.org\",\"@graph\":[{\"@type\":\"WebPage\",\"@id\":\"https:\\\/\\\/www.missionariesofprayer.org\\\/es\\\/quienes-somos\\\/\",\"url\":\"https:\\\/\\\/www.missionariesofprayer.org\\\/es\\\/quienes-somos\\\/\",\"name\":\"Who We Are\",\"isPartOf\":{\"@id\":\"https:\\\/\\\/www.missionariesofprayer.org\\\/es\\\/#website\"},\"datePublished\":\"2016-06-06T11:56:58+00:00\",\"breadcrumb\":{\"@id\":\"https:\\\/\\\/www.missionariesofprayer.org\\\/es\\\/quienes-somos\\\/#breadcrumb\"},\"inLanguage\":\"es-ES\",\"potentialAction\":[{\"@type\":\"ReadAction\",\"target\":[\"https:\\\/\\\/www.missionariesofprayer.org\\\/es\\\/quienes-somos\\\/\"]}]},{\"@type\":\"BreadcrumbList\",\"@id\":\"https:\\\/\\\/www.missionariesofprayer.org\\\/es\\\/quienes-somos\\\/#breadcrumb\",\"itemListElement\":[{\"@type\":\"ListItem\",\"position\":1,\"name\":\"Home\",\"item\":\"https:\\\/\\\/www.missionariesofprayer.org\\\/es\\\/\"},{\"@type\":\"ListItem\",\"position\":2,\"name\":\"Quienes somos\"}]},{\"@type\":\"WebSite\",\"@id\":\"https:\\\/\\\/www.missionariesofprayer.org\\\/es\\\/#website\",\"url\":\"https:\\\/\\\/www.missionariesofprayer.org\\\/es\\\/\",\"name\":\"Missionaries Of Prayer: Christian Prayers\",\"description\":\"Prayer Ministry\",\"publisher\":{\"@id\":\"https:\\\/\\\/www.missionariesofprayer.org\\\/es\\\/#organization\"},\"potentialAction\":[{\"@type\":\"SearchAction\",\"target\":{\"@type\":\"EntryPoint\",\"urlTemplate\":\"https:\\\/\\\/www.missionariesofprayer.org\\\/es\\\/?s={search_term_string}\"},\"query-input\":{\"@type\":\"PropertyValueSpecification\",\"valueRequired\":true,\"valueName\":\"search_term_string\"}}],\"inLanguage\":\"es-ES\"},{\"@type\":\"Organization\",\"@id\":\"https:\\\/\\\/www.missionariesofprayer.org\\\/es\\\/#organization\",\"name\":\"Missionaries Of Prayer\",\"url\":\"https:\\\/\\\/www.missionariesofprayer.org\\\/es\\\/\",\"logo\":{\"@type\":\"ImageObject\",\"inLanguage\":\"es-ES\",\"@id\":\"https:\\\/\\\/www.missionariesofprayer.org\\\/es\\\/#\\\/schema\\\/logo\\\/image\\\/\",\"url\":\"https:\\\/\\\/www.missionariesofprayer.org\\\/wp-content\\\/uploads\\\/2022\\\/09\\\/missionaries-of-prayer.jpg\",\"contentUrl\":\"https:\\\/\\\/www.missionariesofprayer.org\\\/wp-content\\\/uploads\\\/2022\\\/09\\\/missionaries-of-prayer.jpg\",\"width\":2555,\"height\":298,\"caption\":\"Missionaries Of Prayer\"},\"image\":{\"@id\":\"https:\\\/\\\/www.missionariesofprayer.org\\\/es\\\/#\\\/schema\\\/logo\\\/image\\\/\"},\"sameAs\":[\"https:\\\/\\\/www.facebook.com\\\/PrayerForT\u200boday\\\/\",\"http:\\\/\\\/www.instagram.com\\\/htsapm\",\"http:\\\/\\\/www.pinterest.com\\\/ChristianPrayer\",\"https:\\\/\\\/www.youtube.com\\\/channel\\\/UCsGM2MDFZ5JkOXRNJKIFT7A\"]}]}<\/script>\n<!-- \/ Yoast SEO plugin. -->","yoast_head_json":{"title":"Who We Are","robots":{"index":"index","follow":"follow","max-snippet":"max-snippet:-1","max-image-preview":"max-image-preview:large","max-video-preview":"max-video-preview:-1"},"canonical":"https:\/\/www.missionariesofprayer.org\/es\/quienes-somos\/","og_locale":"es_ES","og_type":"article","og_title":"Who We Are","og_description":"Las Misioneras de la oraci\u00f3n es una red interdenominacional de cristianos que est\u00e1n comprometidos con la oraci\u00f3n. Una misionera de oraci\u00f3n es un cristiano que se ha comprometido a la oraci\u00f3n donde Dios le ha llamado a ser. Esto podr\u00eda ser en el lugar de trabajo, en su casa para [&hellip;]","og_url":"https:\/\/www.missionariesofprayer.org\/es\/quienes-somos\/","og_site_name":"Missionaries Of Prayer: Christian Prayers","article_publisher":"https:\/\/www.facebook.com\/PrayerForT%e2%80%8boday\/","twitter_card":"summary_large_image","twitter_misc":{"Est. reading time":"1 minute"},"schema":{"@context":"https:\/\/schema.org","@graph":[{"@type":"WebPage","@id":"https:\/\/www.missionariesofprayer.org\/es\/quienes-somos\/","url":"https:\/\/www.missionariesofprayer.org\/es\/quienes-somos\/","name":"Who We Are","isPartOf":{"@id":"https:\/\/www.missionariesofprayer.org\/es\/#website"},"datePublished":"2016-06-06T11:56:58+00:00","breadcrumb":{"@id":"https:\/\/www.missionariesofprayer.org\/es\/quienes-somos\/#breadcrumb"},"inLanguage":"es-ES","potentialAction":[{"@type":"ReadAction","target":["https:\/\/www.missionariesofprayer.org\/es\/quienes-somos\/"]}]},{"@type":"BreadcrumbList","@id":"https:\/\/www.missionariesofprayer.org\/es\/quienes-somos\/#breadcrumb","itemListElement":[{"@type":"ListItem","position":1,"name":"Home","item":"https:\/\/www.missionariesofprayer.org\/es\/"},{"@type":"ListItem","position":2,"name":"Quienes somos"}]},{"@type":"WebSite","@id":"https:\/\/www.missionariesofprayer.org\/es\/#website","url":"https:\/\/www.missionariesofprayer.org\/es\/","name":"Missionaries Of Prayer: Christian Prayers","description":"Prayer Ministry","publisher":{"@id":"https:\/\/www.missionariesofprayer.org\/es\/#organization"},"potentialAction":[{"@type":"SearchAction","target":{"@type":"EntryPoint","urlTemplate":"https:\/\/www.missionariesofprayer.org\/es\/?s={search_term_string}"},"query-input":{"@type":"PropertyValueSpecification","valueRequired":true,"valueName":"search_term_string"}}],"inLanguage":"es-ES"},{"@type":"Organization","@id":"https:\/\/www.missionariesofprayer.org\/es\/#organization","name":"Missionaries Of Prayer","url":"https:\/\/www.missionariesofprayer.org\/es\/","logo":{"@type":"ImageObject","inLanguage":"es-ES","@id":"https:\/\/www.missionariesofprayer.org\/es\/#\/schema\/logo\/image\/","url":"https:\/\/www.missionariesofprayer.org\/wp-content\/uploads\/2022\/09\/missionaries-of-prayer.jpg","contentUrl":"https:\/\/www.missionariesofprayer.org\/wp-content\/uploads\/2022\/09\/missionaries-of-prayer.jpg","width":2555,"height":298,"caption":"Missionaries Of Prayer"},"image":{"@id":"https:\/\/www.missionariesofprayer.org\/es\/#\/schema\/logo\/image\/"},"sameAs":["https:\/\/www.facebook.com\/PrayerForT\u200boday\/","http:\/\/www.instagram.com\/htsapm","http:\/\/www.pinterest.com\/ChristianPrayer","https:\/\/www.youtube.com\/channel\/UCsGM2MDFZ5JkOXRNJKIFT7A"]}]}},"_links":{"self":[{"href":"https:\/\/www.missionariesofprayer.org\/es\/wp-json\/wp\/v2\/pages\/19633","targetHints":{"allow":["GET"]}}],"collection":[{"href":"https:\/\/www.missionariesofprayer.org\/es\/wp-json\/wp\/v2\/pages"}],"about":[{"href":"https:\/\/www.missionariesofprayer.org\/es\/wp-json\/wp\/v2\/types\/page"}],"author":[{"embeddable":true,"href":"https:\/\/www.missionariesofprayer.org\/es\/wp-json\/wp\/v2\/users\/152"}],"replies":[{"embeddable":true,"href":"https:\/\/www.missionariesofprayer.org\/es\/wp-json\/wp\/v2\/comments?post=19633"}],"version-history":[{"count":0,"href":"https:\/\/www.missionariesofprayer.org\/es\/wp-json\/wp\/v2\/pages\/19633\/revisions"}],"wp:attachment":[{"href":"https:\/\/www.missionariesofprayer.org\/es\/wp-json\/wp\/v2\/media?parent=19633"}],"curies":[{"name":"wp","href":"https:\/\/api.w.org\/{rel}","templated":true}]}}