{"id":19599,"date":"2010-03-25T03:41:16","date_gmt":"2010-03-25T10:41:16","guid":{"rendered":"https:\/\/missionariesofprayer.org\/es\/se-parte-de-nosotros\/"},"modified":"2016-07-20T06:43:39","modified_gmt":"2016-07-20T13:43:39","slug":"se-parte-de-nosotros","status":"publish","type":"page","link":"https:\/\/www.missionariesofprayer.org\/es\/se-parte-de-nosotros\/","title":{"rendered":"S\u00e9 parte de nosotros"},"content":{"rendered":"<p>\u00a1Necesitamos su ayuda! No estamos en el negocio de hacer dinero con este ministerio. Como tal el mundo que trabaja con nosotros es un voluntario. Como se puede imaginar, con lo que est\u00e1 sucediendo en el mundo de hoy, tenemos un aumento en las personas que buscan la oraci\u00f3n y aquellos que quieren iniciar l\u00edneas de oraci\u00f3n.<\/p>\n<p>Para ser voluntario con los misioneros de oraci\u00f3n, usted debe amar a Dios, amar a la gente y quiere ayudar a los dem\u00e1s. Debe tener coraz\u00f3n &#8220;a los funcionarios.<\/p>\n<p>Hay muchas maneras en que usted puede ayudar a cumplir nuestra misi\u00f3n.<\/p>\n<p><strong><span id=\"result_box\" class=\"\" lang=\"es\">Nuestra mayor \u00e1rea de necesidad en este momento es que los traductores espa\u00f1oles, qu\u00e9 hablar y escribir bien el espa\u00f1ol? Realmente podr\u00edamos usar su ayuda. <span class=\"\">Considere ofrecerse como voluntario<\/span> para ayudar a orar por otros y traducir parte del texto. Rellene el <span class=\"\">siguiente formulario y nos<\/span> <span class=\"\">pondremos en contacto con<\/span> <span class=\"\">usted<\/span><\/span><\/strong><\/p>\n<p>1. Oren, oren, oren. Necesitamos sus oraciones. Creemos en el poder de la oraci\u00f3n por lo que pedimos que se comprometan a orar por nosotros para la sabidur\u00eda, discernimiento y voluntad perfecta de Dios para este ministerio.<\/p>\n<p>2. Tambi\u00e9n podr\u00edamos usar su ayuda en muchas otras \u00e1reas:<\/p>\n<ul>\n<li>Usted podr\u00eda convertirse en una parte de nuestro equipo de oraci\u00f3n intercesora por:<\/li>\n<li><em>Ruega sobre las peticiones que recibimos en Facebook, (debe tener una cuenta de Facebook)<\/em><\/li>\n<li><em>Registrarse en su propia l\u00ednea de oraci\u00f3n y orar por los dem\u00e1s, haga clic aqu\u00ed para registrarse para obtener una l\u00ednea de oraci\u00f3n libreayudarnos con el trabajo administrativo mediante la donaci\u00f3n de un un poco de su tiempo cada semana para <\/em><\/li>\n<li><em>ayudarnos con el trabajo en l\u00ednea. S\u00ed, recibimos muchas peticiones en l\u00ednea y necesita ayuda para responder a los correos electr\u00f3nicos y hacer llamadas telef\u00f3nicas, para ayudar en esta zona debe<\/em><\/li>\n<li>Tener acceso a internet,<\/li>\n<li>Estar disponibles al menos 1 hora por semana para responder a mensajes de correo electr\u00f3nico,<\/li>\n<li>ayudarnos con el trabajo en l\u00ednea,<\/li>\n<li>Tener acceso a un tel\u00e9fono para devolver las llamadas telef\u00f3nicas<\/li>\n<li><strong>Tambi\u00e9n estamos en la necesidad de escritores y bloggers para escribir oraciones por nuestro sitio.<\/strong><\/li>\n<\/ul>\n<p>Nuestro ministerio es interdenominacional. Esto significa que tenemos los cristianos de todas las denominaciones, as\u00ed como cat\u00f3licos que son una parte de nuestro equipo de oraci\u00f3n. El componente m\u00e1s importante de ser una parte de nuestro equipo de oraci\u00f3n es que todos creemos en el mismo <a href=\"https:\/\/missionariesofprayer.org\/about\/statement-faith\/\" target=\"_blank\">Declaraci\u00f3n de Fe<\/a>.\u00a0 Antes de inscribirse para ser parte de este ministerio<strong><a href=\"https:\/\/missionariesofprayer.org\/about\/statement-faith\/\" target=\"_blank\">usted debe leer y aceptar con toda nuestra Declaraci\u00f3n de Fe<\/a><\/strong>.<\/p>\n<p>Por favor, rellene este formulario y nos pondremos en contacto con usted.<\/p>\n\n<div class=\"wpcf7 no-js\" id=\"wpcf7-f20899-o1\" lang=\"es-ES\" dir=\"ltr\" data-wpcf7-id=\"20899\">\n<div class=\"screen-reader-response\"><p role=\"status\" aria-live=\"polite\" aria-atomic=\"true\"><\/p> <ul><\/ul><\/div>\n<form action=\"\/es\/wp-json\/wp\/v2\/pages\/19599#wpcf7-f20899-o1\" method=\"post\" class=\"wpcf7-form init\" aria-label=\"Contact form\" novalidate=\"novalidate\" data-status=\"init\">\n<fieldset class=\"hidden-fields-container\"><input type=\"hidden\" name=\"_wpcf7\" value=\"20899\" \/><input type=\"hidden\" name=\"_wpcf7_version\" value=\"6.1.5\" \/><input type=\"hidden\" name=\"_wpcf7_locale\" value=\"es_ES\" \/><input type=\"hidden\" name=\"_wpcf7_unit_tag\" value=\"wpcf7-f20899-o1\" \/><input type=\"hidden\" name=\"_wpcf7_container_post\" value=\"0\" \/><input type=\"hidden\" name=\"_wpcf7_posted_data_hash\" value=\"\" \/><input type=\"hidden\" name=\"_wpcf7_recaptcha_response\" value=\"\" \/>\n<\/fieldset>\n<p>Tu nombre (required)\n<\/p>\n<p><span class=\"wpcf7-form-control-wrap\" data-name=\"your-name\"><input size=\"40\" maxlength=\"400\" class=\"wpcf7-form-control wpcf7-text wpcf7-validates-as-required\" aria-required=\"true\" aria-invalid=\"false\" value=\"\" type=\"text\" name=\"your-name\" \/><\/span>\n<\/p>\n<p>Tu correo electr\u00f3nico (required)\n<\/p>\n<p><span class=\"wpcf7-form-control-wrap\" data-name=\"your-email\"><input size=\"40\" maxlength=\"400\" class=\"wpcf7-form-control wpcf7-email wpcf7-validates-as-required wpcf7-text wpcf7-validates-as-email\" aria-required=\"true\" aria-invalid=\"false\" value=\"\" type=\"email\" name=\"your-email\" \/><\/span>\n<\/p>\n<p>Tu Numero de Telefono (required)\n<\/p>\n<p><span class=\"wpcf7-form-control-wrap\" data-name=\"TuNumerodeTelefono\"><input size=\"40\" maxlength=\"400\" class=\"wpcf7-form-control wpcf7-tel wpcf7-validates-as-required wpcf7-text wpcf7-validates-as-tel\" aria-required=\"true\" aria-invalid=\"false\" value=\"\" type=\"tel\" name=\"TuNumerodeTelefono\" \/><\/span>\n<\/p>\n<p>Est\u00e1 usted afiliado a una denominaci\u00f3n?\n<\/p>\n<p><span class=\"wpcf7-form-control-wrap\" data-name=\"your-denomination\"><span class=\"wpcf7-form-control wpcf7-radio\"><span class=\"wpcf7-list-item first\"><span class=\"wpcf7-list-item-label\">S\u00ed<\/span><input type=\"radio\" name=\"your-denomination\" value=\"S\u00ed\" \/><\/span><span class=\"wpcf7-list-item last\"><span class=\"wpcf7-list-item-label\">No<\/span><input type=\"radio\" name=\"your-denomination\" value=\"No\" checked=\"checked\" \/><\/span><\/span><\/span>\n<\/p>\n<p>En caso afirmativo, con qu\u00e9 valor monetario\n<\/p>\n<p><span class=\"wpcf7-form-control-wrap\" data-name=\"your-denom\"><input size=\"40\" maxlength=\"400\" class=\"wpcf7-form-control wpcf7-text\" aria-invalid=\"false\" value=\"\" type=\"text\" name=\"your-denom\" \/><\/span>\n<\/p>\n<p>Por favor, d\u00edganos c\u00f3mo le gustar\u00eda ser voluntario\n<\/p>\n<p><span class=\"wpcf7-form-control-wrap\" data-name=\"Porfavordganoscmolegustaraservoluntario\"><textarea cols=\"40\" rows=\"10\" maxlength=\"2000\" class=\"wpcf7-form-control wpcf7-textarea wpcf7-validates-as-required\" aria-required=\"true\" aria-invalid=\"false\" name=\"Porfavordganoscmolegustaraservoluntario\"><\/textarea><\/span>\n<\/p>\n<p>\n\n<\/p>\n<p><input class=\"wpcf7-form-control wpcf7-submit has-spinner\" type=\"submit\" value=\"Enviar\" \/>\n<\/p><p style=\"display: none !important;\" class=\"akismet-fields-container\" data-prefix=\"_wpcf7_ak_\"><label>&#916;<textarea name=\"_wpcf7_ak_hp_textarea\" cols=\"45\" rows=\"8\" maxlength=\"100\"><\/textarea><\/label><input type=\"hidden\" id=\"ak_js_1\" name=\"_wpcf7_ak_js\" value=\"3\"\/><script>document.getElementById( \"ak_js_1\" ).setAttribute( \"value\", ( new Date() ).getTime() );<\/script><\/p><div class=\"wpcf7-response-output\" aria-hidden=\"true\"><\/div>\n<\/form>\n<\/div>\n\n<div class=\"version-RVR1960 result-text-style-normal text-html \">\n<h1 class=\"passage-display\"><span class=\"passage-display-version\">\u00a0<\/span><\/h1>\n<p><span id=\"es-RVR1960-28973\" class=\"text 2Cor-9-15\"><sup>&#8220;<\/sup>Porque la ministraci\u00f3n de este servicio no solamente suple lo que a los santos falta, sino que tambi\u00e9n abunda en muchas acciones de gracias a Dios;\u00a0pues por la experiencia de esta ministraci\u00f3n glorifican a Dios por la obediencia que profes\u00e1is al evangelio de Cristo, y por la liberalidad de vuestra contribuci\u00f3n para ellos y para todos; asimismo en la oraci\u00f3n de ellos por vosotros, a quienes aman a causa de la superabundante gracia de Dios en vosotros. !!Gracias a Dios por su don inefable!&#8221; (<\/span>2 Corintios 9: 12-15)<\/p>\n<\/div>\n<p>Que Dios los bendiga a medida que sirvan \u00c9l a trav\u00e9s del ministerio de la oraci\u00f3n.<\/p>\n<p>&nbsp;<\/p>\n","protected":false},"excerpt":{"rendered":"<p>\u00a1Necesitamos su ayuda! No estamos en el negocio de hacer dinero con este ministerio. Como tal el mundo que trabaja con nosotros es un voluntario. Como se puede imaginar, con lo que est\u00e1 sucediendo en el mundo de hoy, tenemos un aumento en las personas que buscan la oraci\u00f3n y [&hellip;]<\/p>\n","protected":false},"author":152,"featured_media":0,"parent":0,"menu_order":0,"comment_status":"closed","ping_status":"closed","template":"","meta":{"_bbp_topic_count":0,"_bbp_reply_count":0,"_bbp_total_topic_count":0,"_bbp_total_reply_count":0,"_bbp_voice_count":0,"_bbp_anonymous_reply_count":0,"_bbp_topic_count_hidden":0,"_bbp_reply_count_hidden":0,"_bbp_forum_subforum_count":0,"footnotes":""},"class_list":["post-19599","page","type-page","status-publish","hentry","bwp-masonry-item","bwp-col-3","bwp-post-has-title"],"yoast_head":"<!-- This site is optimized with the Yoast SEO plugin v27.4 - https:\/\/yoast.com\/product\/yoast-seo-wordpress\/ -->\n<title>Be a Part of Us<\/title>\n<meta name=\"robots\" content=\"index, follow, max-snippet:-1, max-image-preview:large, max-video-preview:-1\" \/>\n<link rel=\"canonical\" href=\"https:\/\/www.missionariesofprayer.org\/es\/se-parte-de-nosotros\/\" class=\"yoast-seo-meta-tag\" \/>\n<meta property=\"og:locale\" content=\"es_ES\" class=\"yoast-seo-meta-tag\" \/>\n<meta property=\"og:type\" content=\"article\" class=\"yoast-seo-meta-tag\" \/>\n<meta property=\"og:title\" content=\"Be a Part of Us\" class=\"yoast-seo-meta-tag\" \/>\n<meta property=\"og:description\" content=\"\u00a1Necesitamos su ayuda! No estamos en el negocio de hacer dinero con este ministerio. Como tal el mundo que trabaja con nosotros es un voluntario. Como se puede imaginar, con lo que est\u00e1 sucediendo en el mundo de hoy, tenemos un aumento en las personas que buscan la oraci\u00f3n y [&hellip;]\" class=\"yoast-seo-meta-tag\" \/>\n<meta property=\"og:url\" content=\"https:\/\/www.missionariesofprayer.org\/es\/se-parte-de-nosotros\/\" class=\"yoast-seo-meta-tag\" \/>\n<meta property=\"og:site_name\" content=\"Missionaries Of Prayer: Christian Prayers\" class=\"yoast-seo-meta-tag\" \/>\n<meta property=\"article:publisher\" content=\"https:\/\/www.facebook.com\/PrayerForT%e2%80%8boday\/\" class=\"yoast-seo-meta-tag\" \/>\n<meta property=\"article:modified_time\" content=\"2016-07-20T13:43:39+00:00\" class=\"yoast-seo-meta-tag\" \/>\n<meta name=\"twitter:card\" content=\"summary_large_image\" class=\"yoast-seo-meta-tag\" \/>\n<meta name=\"twitter:label1\" content=\"Est. reading time\" class=\"yoast-seo-meta-tag\" \/>\n\t<meta name=\"twitter:data1\" content=\"3 minutes\" class=\"yoast-seo-meta-tag\" \/>\n<script type=\"application\/ld+json\" class=\"yoast-schema-graph\">{\"@context\":\"https:\\\/\\\/schema.org\",\"@graph\":[{\"@type\":\"WebPage\",\"@id\":\"https:\\\/\\\/www.missionariesofprayer.org\\\/es\\\/se-parte-de-nosotros\\\/\",\"url\":\"https:\\\/\\\/www.missionariesofprayer.org\\\/es\\\/se-parte-de-nosotros\\\/\",\"name\":\"Be a Part of Us\",\"isPartOf\":{\"@id\":\"https:\\\/\\\/www.missionariesofprayer.org\\\/es\\\/#website\"},\"datePublished\":\"2010-03-25T10:41:16+00:00\",\"dateModified\":\"2016-07-20T13:43:39+00:00\",\"breadcrumb\":{\"@id\":\"https:\\\/\\\/www.missionariesofprayer.org\\\/es\\\/se-parte-de-nosotros\\\/#breadcrumb\"},\"inLanguage\":\"es-ES\",\"potentialAction\":[{\"@type\":\"ReadAction\",\"target\":[\"https:\\\/\\\/www.missionariesofprayer.org\\\/es\\\/se-parte-de-nosotros\\\/\"]}]},{\"@type\":\"BreadcrumbList\",\"@id\":\"https:\\\/\\\/www.missionariesofprayer.org\\\/es\\\/se-parte-de-nosotros\\\/#breadcrumb\",\"itemListElement\":[{\"@type\":\"ListItem\",\"position\":1,\"name\":\"Home\",\"item\":\"https:\\\/\\\/www.missionariesofprayer.org\\\/es\\\/\"},{\"@type\":\"ListItem\",\"position\":2,\"name\":\"S\u00e9 parte de nosotros\"}]},{\"@type\":\"WebSite\",\"@id\":\"https:\\\/\\\/www.missionariesofprayer.org\\\/es\\\/#website\",\"url\":\"https:\\\/\\\/www.missionariesofprayer.org\\\/es\\\/\",\"name\":\"Missionaries Of Prayer: Christian Prayers\",\"description\":\"Prayer Ministry\",\"publisher\":{\"@id\":\"https:\\\/\\\/www.missionariesofprayer.org\\\/es\\\/#organization\"},\"potentialAction\":[{\"@type\":\"SearchAction\",\"target\":{\"@type\":\"EntryPoint\",\"urlTemplate\":\"https:\\\/\\\/www.missionariesofprayer.org\\\/es\\\/?s={search_term_string}\"},\"query-input\":{\"@type\":\"PropertyValueSpecification\",\"valueRequired\":true,\"valueName\":\"search_term_string\"}}],\"inLanguage\":\"es-ES\"},{\"@type\":\"Organization\",\"@id\":\"https:\\\/\\\/www.missionariesofprayer.org\\\/es\\\/#organization\",\"name\":\"Missionaries Of Prayer\",\"url\":\"https:\\\/\\\/www.missionariesofprayer.org\\\/es\\\/\",\"logo\":{\"@type\":\"ImageObject\",\"inLanguage\":\"es-ES\",\"@id\":\"https:\\\/\\\/www.missionariesofprayer.org\\\/es\\\/#\\\/schema\\\/logo\\\/image\\\/\",\"url\":\"https:\\\/\\\/www.missionariesofprayer.org\\\/wp-content\\\/uploads\\\/2022\\\/09\\\/missionaries-of-prayer.jpg\",\"contentUrl\":\"https:\\\/\\\/www.missionariesofprayer.org\\\/wp-content\\\/uploads\\\/2022\\\/09\\\/missionaries-of-prayer.jpg\",\"width\":2555,\"height\":298,\"caption\":\"Missionaries Of Prayer\"},\"image\":{\"@id\":\"https:\\\/\\\/www.missionariesofprayer.org\\\/es\\\/#\\\/schema\\\/logo\\\/image\\\/\"},\"sameAs\":[\"https:\\\/\\\/www.facebook.com\\\/PrayerForT\u200boday\\\/\",\"http:\\\/\\\/www.instagram.com\\\/htsapm\",\"http:\\\/\\\/www.pinterest.com\\\/ChristianPrayer\",\"https:\\\/\\\/www.youtube.com\\\/channel\\\/UCsGM2MDFZ5JkOXRNJKIFT7A\"]}]}<\/script>\n<!-- \/ Yoast SEO plugin. -->","yoast_head_json":{"title":"Be a Part of Us","robots":{"index":"index","follow":"follow","max-snippet":"max-snippet:-1","max-image-preview":"max-image-preview:large","max-video-preview":"max-video-preview:-1"},"canonical":"https:\/\/www.missionariesofprayer.org\/es\/se-parte-de-nosotros\/","og_locale":"es_ES","og_type":"article","og_title":"Be a Part of Us","og_description":"\u00a1Necesitamos su ayuda! No estamos en el negocio de hacer dinero con este ministerio. Como tal el mundo que trabaja con nosotros es un voluntario. Como se puede imaginar, con lo que est\u00e1 sucediendo en el mundo de hoy, tenemos un aumento en las personas que buscan la oraci\u00f3n y [&hellip;]","og_url":"https:\/\/www.missionariesofprayer.org\/es\/se-parte-de-nosotros\/","og_site_name":"Missionaries Of Prayer: Christian Prayers","article_publisher":"https:\/\/www.facebook.com\/PrayerForT%e2%80%8boday\/","article_modified_time":"2016-07-20T13:43:39+00:00","twitter_card":"summary_large_image","twitter_misc":{"Est. reading time":"3 minutes"},"schema":{"@context":"https:\/\/schema.org","@graph":[{"@type":"WebPage","@id":"https:\/\/www.missionariesofprayer.org\/es\/se-parte-de-nosotros\/","url":"https:\/\/www.missionariesofprayer.org\/es\/se-parte-de-nosotros\/","name":"Be a Part of Us","isPartOf":{"@id":"https:\/\/www.missionariesofprayer.org\/es\/#website"},"datePublished":"2010-03-25T10:41:16+00:00","dateModified":"2016-07-20T13:43:39+00:00","breadcrumb":{"@id":"https:\/\/www.missionariesofprayer.org\/es\/se-parte-de-nosotros\/#breadcrumb"},"inLanguage":"es-ES","potentialAction":[{"@type":"ReadAction","target":["https:\/\/www.missionariesofprayer.org\/es\/se-parte-de-nosotros\/"]}]},{"@type":"BreadcrumbList","@id":"https:\/\/www.missionariesofprayer.org\/es\/se-parte-de-nosotros\/#breadcrumb","itemListElement":[{"@type":"ListItem","position":1,"name":"Home","item":"https:\/\/www.missionariesofprayer.org\/es\/"},{"@type":"ListItem","position":2,"name":"S\u00e9 parte de nosotros"}]},{"@type":"WebSite","@id":"https:\/\/www.missionariesofprayer.org\/es\/#website","url":"https:\/\/www.missionariesofprayer.org\/es\/","name":"Missionaries Of Prayer: Christian Prayers","description":"Prayer Ministry","publisher":{"@id":"https:\/\/www.missionariesofprayer.org\/es\/#organization"},"potentialAction":[{"@type":"SearchAction","target":{"@type":"EntryPoint","urlTemplate":"https:\/\/www.missionariesofprayer.org\/es\/?s={search_term_string}"},"query-input":{"@type":"PropertyValueSpecification","valueRequired":true,"valueName":"search_term_string"}}],"inLanguage":"es-ES"},{"@type":"Organization","@id":"https:\/\/www.missionariesofprayer.org\/es\/#organization","name":"Missionaries Of Prayer","url":"https:\/\/www.missionariesofprayer.org\/es\/","logo":{"@type":"ImageObject","inLanguage":"es-ES","@id":"https:\/\/www.missionariesofprayer.org\/es\/#\/schema\/logo\/image\/","url":"https:\/\/www.missionariesofprayer.org\/wp-content\/uploads\/2022\/09\/missionaries-of-prayer.jpg","contentUrl":"https:\/\/www.missionariesofprayer.org\/wp-content\/uploads\/2022\/09\/missionaries-of-prayer.jpg","width":2555,"height":298,"caption":"Missionaries Of Prayer"},"image":{"@id":"https:\/\/www.missionariesofprayer.org\/es\/#\/schema\/logo\/image\/"},"sameAs":["https:\/\/www.facebook.com\/PrayerForT\u200boday\/","http:\/\/www.instagram.com\/htsapm","http:\/\/www.pinterest.com\/ChristianPrayer","https:\/\/www.youtube.com\/channel\/UCsGM2MDFZ5JkOXRNJKIFT7A"]}]}},"_links":{"self":[{"href":"https:\/\/www.missionariesofprayer.org\/es\/wp-json\/wp\/v2\/pages\/19599","targetHints":{"allow":["GET"]}}],"collection":[{"href":"https:\/\/www.missionariesofprayer.org\/es\/wp-json\/wp\/v2\/pages"}],"about":[{"href":"https:\/\/www.missionariesofprayer.org\/es\/wp-json\/wp\/v2\/types\/page"}],"author":[{"embeddable":true,"href":"https:\/\/www.missionariesofprayer.org\/es\/wp-json\/wp\/v2\/users\/152"}],"replies":[{"embeddable":true,"href":"https:\/\/www.missionariesofprayer.org\/es\/wp-json\/wp\/v2\/comments?post=19599"}],"version-history":[{"count":0,"href":"https:\/\/www.missionariesofprayer.org\/es\/wp-json\/wp\/v2\/pages\/19599\/revisions"}],"wp:attachment":[{"href":"https:\/\/www.missionariesofprayer.org\/es\/wp-json\/wp\/v2\/media?parent=19599"}],"curies":[{"name":"wp","href":"https:\/\/api.w.org\/{rel}","templated":true}]}}