{"id":19582,"date":"2010-03-25T03:33:19","date_gmt":"2010-03-25T10:33:19","guid":{"rendered":"https:\/\/missionariesofprayer.org\/es\/declaracion-de-fe\/"},"modified":"2016-07-20T06:08:49","modified_gmt":"2016-07-20T13:08:49","slug":"declaracion-de-fe","status":"publish","type":"page","link":"https:\/\/www.missionariesofprayer.org\/es\/declaracion-de-fe\/","title":{"rendered":"Declaraci\u00f3n de Fe"},"content":{"rendered":"<ol>\n<li>Aceptamos las escrituras como nuestra \u00fanica autoridad en materia de fe y pr\u00e1ctica, y nuestra interpretaci\u00f3n de la Biblia nos conduce inexorablemente a creer:Las escrituras del Antiguo y Nuevo Testamento como verbalmente inspiradas por Dios y sin error e infalible en los manuscritos originales, y que son la autoridad suprema y final.<\/li>\n<li>En un Dios que existe eternamente en un solo ser, sin embargo, las personas co-iguales, la Trinidad: Padre, Hijo y Esp\u00edritu Santo.<span id=\"result_box\" class=\"\" lang=\"es\">Que Jesucristo <span class=\"\">fue engendrado por<\/span> Dios, concebido por el Esp\u00edritu Santo y nacido de la virgen <span class=\"\">Mar\u00eda.<\/span><\/span><\/li>\n<li>En el Esp\u00edritu Santo, la tercera persona de la Trinidad, que convence al mundo de pecado, justicia y juicio. \u00c9l es la vida del creyente y que faculta a la iluminaci\u00f3n, la predicaci\u00f3n y la ense\u00f1anza del Evangelio.<\/li>\n<li>Que la humanidad fue creada a imagen de Dios, pec\u00f3, incurriendo as\u00ed no s\u00f3lo la muerte f\u00edsica, sino la espiritual, que es la separaci\u00f3n de Dios, y que los seres humanos nacen con una naturaleza pecaminosa.<\/li>\n<li>Para que el Se\u00f1or Jesucristo muri\u00f3 por nuestros pecados seg\u00fan las Escrituras como un sacrificio representativo y sustitutivo, y que todos los que creen en \u00c9l son justificados sobre la base de su sangre derramada.<\/li>\n<li>En la resurrecci\u00f3n de nuestro Se\u00f1or, su ascensi\u00f3n al cielo y su vida presente all\u00ed como Sumo Sacerdote y Intercesor para nosotros.<\/li>\n<li>En la bendita esperanza, que es el retorno personal, visible e inminente de nuestro Se\u00f1or y Salvador, Jesucristo.Que todos los que reciben por fe al Se\u00f1or Jesucristo son nacidos de nuevo por el Esp\u00edritu Santo y con ello llegan a ser hijos de Dios y herederos de la vida eterna.<\/li>\n<li>En la Iglesia, cuya misi\u00f3n es para interceder (orar) para el mundo, as\u00ed como predicar el Evangelio de Jesucristo al mundo.<\/li>\n<\/ol>\n","protected":false},"excerpt":{"rendered":"<p>Aceptamos las escrituras como nuestra \u00fanica autoridad en materia de fe y pr\u00e1ctica, y nuestra interpretaci\u00f3n de la Biblia nos conduce inexorablemente a creer:Las escrituras del Antiguo y Nuevo Testamento como verbalmente inspiradas por Dios y sin error e infalible en los manuscritos originales, y que son la autoridad suprema [&hellip;]<\/p>\n","protected":false},"author":152,"featured_media":0,"parent":0,"menu_order":2,"comment_status":"closed","ping_status":"closed","template":"","meta":{"_bbp_topic_count":0,"_bbp_reply_count":0,"_bbp_total_topic_count":0,"_bbp_total_reply_count":0,"_bbp_voice_count":0,"_bbp_anonymous_reply_count":0,"_bbp_topic_count_hidden":0,"_bbp_reply_count_hidden":0,"_bbp_forum_subforum_count":0,"footnotes":""},"class_list":["post-19582","page","type-page","status-publish","hentry","bwp-masonry-item","bwp-col-3","bwp-post-has-title"],"yoast_head":"<!-- This site is optimized with the Yoast SEO plugin v27.4 - https:\/\/yoast.com\/product\/yoast-seo-wordpress\/ -->\n<title>Statement of Faith<\/title>\n<meta name=\"robots\" content=\"index, follow, max-snippet:-1, max-image-preview:large, max-video-preview:-1\" \/>\n<link rel=\"canonical\" href=\"https:\/\/www.missionariesofprayer.org\/es\/declaracion-de-fe\/\" class=\"yoast-seo-meta-tag\" \/>\n<meta property=\"og:locale\" content=\"es_ES\" class=\"yoast-seo-meta-tag\" \/>\n<meta property=\"og:type\" content=\"article\" class=\"yoast-seo-meta-tag\" \/>\n<meta property=\"og:title\" content=\"Statement of Faith\" class=\"yoast-seo-meta-tag\" \/>\n<meta property=\"og:description\" content=\"Aceptamos las escrituras como nuestra \u00fanica autoridad en materia de fe y pr\u00e1ctica, y nuestra interpretaci\u00f3n de la Biblia nos conduce inexorablemente a creer:Las escrituras del Antiguo y Nuevo Testamento como verbalmente inspiradas por Dios y sin error e infalible en los manuscritos originales, y que son la autoridad suprema [&hellip;]\" class=\"yoast-seo-meta-tag\" \/>\n<meta property=\"og:url\" content=\"https:\/\/www.missionariesofprayer.org\/es\/declaracion-de-fe\/\" class=\"yoast-seo-meta-tag\" \/>\n<meta property=\"og:site_name\" content=\"Missionaries Of Prayer: Christian Prayers\" class=\"yoast-seo-meta-tag\" \/>\n<meta property=\"article:publisher\" content=\"https:\/\/www.facebook.com\/PrayerForT%e2%80%8boday\/\" class=\"yoast-seo-meta-tag\" \/>\n<meta property=\"article:modified_time\" content=\"2016-07-20T13:08:49+00:00\" class=\"yoast-seo-meta-tag\" \/>\n<meta name=\"twitter:card\" content=\"summary_large_image\" class=\"yoast-seo-meta-tag\" \/>\n<meta name=\"twitter:label1\" content=\"Est. reading time\" class=\"yoast-seo-meta-tag\" \/>\n\t<meta name=\"twitter:data1\" content=\"2 minutes\" class=\"yoast-seo-meta-tag\" \/>\n<script type=\"application\/ld+json\" class=\"yoast-schema-graph\">{\"@context\":\"https:\\\/\\\/schema.org\",\"@graph\":[{\"@type\":\"WebPage\",\"@id\":\"https:\\\/\\\/www.missionariesofprayer.org\\\/es\\\/declaracion-de-fe\\\/\",\"url\":\"https:\\\/\\\/www.missionariesofprayer.org\\\/es\\\/declaracion-de-fe\\\/\",\"name\":\"Statement of Faith\",\"isPartOf\":{\"@id\":\"https:\\\/\\\/www.missionariesofprayer.org\\\/es\\\/#website\"},\"datePublished\":\"2010-03-25T10:33:19+00:00\",\"dateModified\":\"2016-07-20T13:08:49+00:00\",\"breadcrumb\":{\"@id\":\"https:\\\/\\\/www.missionariesofprayer.org\\\/es\\\/declaracion-de-fe\\\/#breadcrumb\"},\"inLanguage\":\"es-ES\",\"potentialAction\":[{\"@type\":\"ReadAction\",\"target\":[\"https:\\\/\\\/www.missionariesofprayer.org\\\/es\\\/declaracion-de-fe\\\/\"]}]},{\"@type\":\"BreadcrumbList\",\"@id\":\"https:\\\/\\\/www.missionariesofprayer.org\\\/es\\\/declaracion-de-fe\\\/#breadcrumb\",\"itemListElement\":[{\"@type\":\"ListItem\",\"position\":1,\"name\":\"Home\",\"item\":\"https:\\\/\\\/www.missionariesofprayer.org\\\/es\\\/\"},{\"@type\":\"ListItem\",\"position\":2,\"name\":\"Declaraci\u00f3n de Fe\"}]},{\"@type\":\"WebSite\",\"@id\":\"https:\\\/\\\/www.missionariesofprayer.org\\\/es\\\/#website\",\"url\":\"https:\\\/\\\/www.missionariesofprayer.org\\\/es\\\/\",\"name\":\"Missionaries Of Prayer: Christian Prayers\",\"description\":\"Prayer Ministry\",\"publisher\":{\"@id\":\"https:\\\/\\\/www.missionariesofprayer.org\\\/es\\\/#organization\"},\"potentialAction\":[{\"@type\":\"SearchAction\",\"target\":{\"@type\":\"EntryPoint\",\"urlTemplate\":\"https:\\\/\\\/www.missionariesofprayer.org\\\/es\\\/?s={search_term_string}\"},\"query-input\":{\"@type\":\"PropertyValueSpecification\",\"valueRequired\":true,\"valueName\":\"search_term_string\"}}],\"inLanguage\":\"es-ES\"},{\"@type\":\"Organization\",\"@id\":\"https:\\\/\\\/www.missionariesofprayer.org\\\/es\\\/#organization\",\"name\":\"Missionaries Of Prayer\",\"url\":\"https:\\\/\\\/www.missionariesofprayer.org\\\/es\\\/\",\"logo\":{\"@type\":\"ImageObject\",\"inLanguage\":\"es-ES\",\"@id\":\"https:\\\/\\\/www.missionariesofprayer.org\\\/es\\\/#\\\/schema\\\/logo\\\/image\\\/\",\"url\":\"https:\\\/\\\/www.missionariesofprayer.org\\\/wp-content\\\/uploads\\\/2022\\\/09\\\/missionaries-of-prayer.jpg\",\"contentUrl\":\"https:\\\/\\\/www.missionariesofprayer.org\\\/wp-content\\\/uploads\\\/2022\\\/09\\\/missionaries-of-prayer.jpg\",\"width\":2555,\"height\":298,\"caption\":\"Missionaries Of Prayer\"},\"image\":{\"@id\":\"https:\\\/\\\/www.missionariesofprayer.org\\\/es\\\/#\\\/schema\\\/logo\\\/image\\\/\"},\"sameAs\":[\"https:\\\/\\\/www.facebook.com\\\/PrayerForT\u200boday\\\/\",\"http:\\\/\\\/www.instagram.com\\\/htsapm\",\"http:\\\/\\\/www.pinterest.com\\\/ChristianPrayer\",\"https:\\\/\\\/www.youtube.com\\\/channel\\\/UCsGM2MDFZ5JkOXRNJKIFT7A\"]}]}<\/script>\n<!-- \/ Yoast SEO plugin. -->","yoast_head_json":{"title":"Statement of Faith","robots":{"index":"index","follow":"follow","max-snippet":"max-snippet:-1","max-image-preview":"max-image-preview:large","max-video-preview":"max-video-preview:-1"},"canonical":"https:\/\/www.missionariesofprayer.org\/es\/declaracion-de-fe\/","og_locale":"es_ES","og_type":"article","og_title":"Statement of Faith","og_description":"Aceptamos las escrituras como nuestra \u00fanica autoridad en materia de fe y pr\u00e1ctica, y nuestra interpretaci\u00f3n de la Biblia nos conduce inexorablemente a creer:Las escrituras del Antiguo y Nuevo Testamento como verbalmente inspiradas por Dios y sin error e infalible en los manuscritos originales, y que son la autoridad suprema [&hellip;]","og_url":"https:\/\/www.missionariesofprayer.org\/es\/declaracion-de-fe\/","og_site_name":"Missionaries Of Prayer: Christian Prayers","article_publisher":"https:\/\/www.facebook.com\/PrayerForT%e2%80%8boday\/","article_modified_time":"2016-07-20T13:08:49+00:00","twitter_card":"summary_large_image","twitter_misc":{"Est. reading time":"2 minutes"},"schema":{"@context":"https:\/\/schema.org","@graph":[{"@type":"WebPage","@id":"https:\/\/www.missionariesofprayer.org\/es\/declaracion-de-fe\/","url":"https:\/\/www.missionariesofprayer.org\/es\/declaracion-de-fe\/","name":"Statement of Faith","isPartOf":{"@id":"https:\/\/www.missionariesofprayer.org\/es\/#website"},"datePublished":"2010-03-25T10:33:19+00:00","dateModified":"2016-07-20T13:08:49+00:00","breadcrumb":{"@id":"https:\/\/www.missionariesofprayer.org\/es\/declaracion-de-fe\/#breadcrumb"},"inLanguage":"es-ES","potentialAction":[{"@type":"ReadAction","target":["https:\/\/www.missionariesofprayer.org\/es\/declaracion-de-fe\/"]}]},{"@type":"BreadcrumbList","@id":"https:\/\/www.missionariesofprayer.org\/es\/declaracion-de-fe\/#breadcrumb","itemListElement":[{"@type":"ListItem","position":1,"name":"Home","item":"https:\/\/www.missionariesofprayer.org\/es\/"},{"@type":"ListItem","position":2,"name":"Declaraci\u00f3n de Fe"}]},{"@type":"WebSite","@id":"https:\/\/www.missionariesofprayer.org\/es\/#website","url":"https:\/\/www.missionariesofprayer.org\/es\/","name":"Missionaries Of Prayer: Christian Prayers","description":"Prayer Ministry","publisher":{"@id":"https:\/\/www.missionariesofprayer.org\/es\/#organization"},"potentialAction":[{"@type":"SearchAction","target":{"@type":"EntryPoint","urlTemplate":"https:\/\/www.missionariesofprayer.org\/es\/?s={search_term_string}"},"query-input":{"@type":"PropertyValueSpecification","valueRequired":true,"valueName":"search_term_string"}}],"inLanguage":"es-ES"},{"@type":"Organization","@id":"https:\/\/www.missionariesofprayer.org\/es\/#organization","name":"Missionaries Of Prayer","url":"https:\/\/www.missionariesofprayer.org\/es\/","logo":{"@type":"ImageObject","inLanguage":"es-ES","@id":"https:\/\/www.missionariesofprayer.org\/es\/#\/schema\/logo\/image\/","url":"https:\/\/www.missionariesofprayer.org\/wp-content\/uploads\/2022\/09\/missionaries-of-prayer.jpg","contentUrl":"https:\/\/www.missionariesofprayer.org\/wp-content\/uploads\/2022\/09\/missionaries-of-prayer.jpg","width":2555,"height":298,"caption":"Missionaries Of Prayer"},"image":{"@id":"https:\/\/www.missionariesofprayer.org\/es\/#\/schema\/logo\/image\/"},"sameAs":["https:\/\/www.facebook.com\/PrayerForT\u200boday\/","http:\/\/www.instagram.com\/htsapm","http:\/\/www.pinterest.com\/ChristianPrayer","https:\/\/www.youtube.com\/channel\/UCsGM2MDFZ5JkOXRNJKIFT7A"]}]}},"_links":{"self":[{"href":"https:\/\/www.missionariesofprayer.org\/es\/wp-json\/wp\/v2\/pages\/19582","targetHints":{"allow":["GET"]}}],"collection":[{"href":"https:\/\/www.missionariesofprayer.org\/es\/wp-json\/wp\/v2\/pages"}],"about":[{"href":"https:\/\/www.missionariesofprayer.org\/es\/wp-json\/wp\/v2\/types\/page"}],"author":[{"embeddable":true,"href":"https:\/\/www.missionariesofprayer.org\/es\/wp-json\/wp\/v2\/users\/152"}],"replies":[{"embeddable":true,"href":"https:\/\/www.missionariesofprayer.org\/es\/wp-json\/wp\/v2\/comments?post=19582"}],"version-history":[{"count":0,"href":"https:\/\/www.missionariesofprayer.org\/es\/wp-json\/wp\/v2\/pages\/19582\/revisions"}],"wp:attachment":[{"href":"https:\/\/www.missionariesofprayer.org\/es\/wp-json\/wp\/v2\/media?parent=19582"}],"curies":[{"name":"wp","href":"https:\/\/api.w.org\/{rel}","templated":true}]}}